
      
       

{"id":1393,"date":"2021-03-31T10:24:48","date_gmt":"2021-03-31T10:24:48","guid":{"rendered":"https:\/\/www.bodegassuau.ch\/?page_id=1393"},"modified":"2021-05-20T10:29:09","modified_gmt":"2021-05-20T08:29:09","slug":"1830-el-mallorquin","status":"publish","type":"page","link":"https:\/\/www.bodegassuau.ch\/es\/1830-el-mallorquin\/","title":{"rendered":"1830 el &#8216;Mallorqu\u00edn&#8217;"},"content":{"rendered":"\n<p>A mediados del siglo XIX, un nav\u00edo espa\u00f1ol, atravesaba el Atl\u00e1ntico a vapor. Su nombre era \u201cel Mallorqu\u00edn\u201d y lo capitaneaba D. Juan Suau y Bennaser. Adem\u00e1s de sus funciones de comandante de \u201cel Mallorqu\u00edn\u201d, Juan Suau era un inquieto comerciante que mont\u00f3 en Cuba un negocio de anisados y otros producctos tipicos del Caribe incluyendo, por supuesto, el ron, para cuya destilaci\u00f3n export\u00f3 a Cuba media docena de alambiques de cobre comunes en el siglo XIX.<\/p>\n\n<p>Cuando el capit\u00e1n Suau inici\u00f3 su aventura, del inmenso imperio espa\u00f1ol solo quedaban dos territorios, ambos en el Caribe\u2026 Puerto Rico y Cuba. Aun as\u00ed extendio sus travesias hasta Veracruz,Buenos Aires, Montevideo, Santo Domingo y Haiti, ademas de sus singladuras en el Mediterraneo y el Atl\u00e1ntico continental europeo.<\/p>\n\n<p>En una de sus recaladas en Mallorca se enamor\u00f3 de la hija de un mallorqu\u00edn vinculado quiz\u00e1s, desde dos o tres siglos antes, al negocio de los licores tanto en Espa\u00f1a como en Am\u00e9rica. Los pap\u00e1s de \u201cla pretendida\u201d no pusieron obst\u00e1culos al amor naciente, pero para consumarlo en el Sacramento del Matrimonio exigieron dos cosas al capit\u00e1n Suau: <\/p>\n\n<p>que abandonase su barco y sus negocios ultramarinos pues no quer\u00edan tan lejos a su \u00fanica descendiente. Desde un punto de vista tanto humano como hist\u00f3rico no parece il\u00f3gica ni la exigencia de la familia de la novia ni la decisi\u00f3n de Suau de aceptarla.<\/p>\n","protected":false},"excerpt":{"rendered":"<p>A mediados del siglo XIX, un nav\u00edo espa\u00f1ol, atravesaba el Atl\u00e1ntico a vapor. Su nombre era \u201cel Mallorqu\u00edn\u201d y lo capitaneaba D. Juan Suau y Bennaser. Adem\u00e1s de sus funciones de comandante de \u201cel Mallorqu\u00edn\u201d, Juan Suau era un inquieto comerciante que mont\u00f3 en Cuba un negocio de anisados y otros producctos tipicos del Caribe&hellip;<\/p>\n<p><a class=\"btn btn-primary\" href=\"https:\/\/www.bodegassuau.ch\/es\/1830-el-mallorquin\/\">Continue reading <i class=\"fas fa-arrow-right\"><\/i><\/a><\/p>\n","protected":false},"author":1,"featured_media":0,"parent":0,"menu_order":0,"comment_status":"closed","ping_status":"closed","template":"","meta":{"_eb_attr":""},"acf":[],"yoast_head":"<!-- This site is optimized with the Yoast SEO plugin v19.8 - https:\/\/yoast.com\/wordpress\/plugins\/seo\/ -->\n<title>1830 el &#039;Mallorqu\u00edn&#039; - Bodegas Suau<\/title>\n<meta name=\"robots\" content=\"index, follow, max-snippet:-1, max-image-preview:large, max-video-preview:-1\" \/>\n<link rel=\"canonical\" href=\"https:\/\/www.bodegassuau.ch\/es\/1830-el-mallorquin\/\" \/>\n<meta property=\"og:locale\" content=\"es_ES\" \/>\n<meta property=\"og:type\" content=\"article\" \/>\n<meta property=\"og:title\" content=\"1830 el &#039;Mallorqu\u00edn&#039; - Bodegas Suau\" \/>\n<meta property=\"og:description\" content=\"A mediados del siglo XIX, un nav\u00edo espa\u00f1ol, atravesaba el Atl\u00e1ntico a vapor. Su nombre era \u201cel Mallorqu\u00edn\u201d y lo capitaneaba D. Juan Suau y Bennaser. Adem\u00e1s de sus funciones de comandante de \u201cel Mallorqu\u00edn\u201d, Juan Suau era un inquieto comerciante que mont\u00f3 en Cuba un negocio de anisados y otros producctos tipicos del Caribe&hellip;Continue reading\" \/>\n<meta property=\"og:url\" content=\"https:\/\/www.bodegassuau.ch\/es\/1830-el-mallorquin\/\" \/>\n<meta property=\"og:site_name\" content=\"Bodegas Suau\" \/>\n<meta property=\"article:publisher\" content=\"https:\/\/www.facebook.com\/Bodegas-Suau-Schweiz-119952873306311\" \/>\n<meta property=\"article:modified_time\" content=\"2021-05-20T08:29:09+00:00\" \/>\n<meta name=\"twitter:card\" content=\"summary_large_image\" \/>\n<meta name=\"twitter:label1\" content=\"Tiempo de lectura\" \/>\n\t<meta name=\"twitter:data1\" content=\"1 minuto\" \/>\n<script type=\"application\/ld+json\" class=\"yoast-schema-graph\">{\"@context\":\"https:\/\/schema.org\",\"@graph\":[{\"@type\":\"WebPage\",\"@id\":\"https:\/\/www.bodegassuau.ch\/es\/1830-el-mallorquin\/\",\"url\":\"https:\/\/www.bodegassuau.ch\/es\/1830-el-mallorquin\/\",\"name\":\"1830 el 'Mallorqu\u00edn' - Bodegas Suau\",\"isPartOf\":{\"@id\":\"https:\/\/www.bodegassuau.ch\/#website\"},\"datePublished\":\"2021-03-31T10:24:48+00:00\",\"dateModified\":\"2021-05-20T08:29:09+00:00\",\"breadcrumb\":{\"@id\":\"https:\/\/www.bodegassuau.ch\/es\/1830-el-mallorquin\/#breadcrumb\"},\"inLanguage\":\"es\",\"potentialAction\":[{\"@type\":\"ReadAction\",\"target\":[\"https:\/\/www.bodegassuau.ch\/es\/1830-el-mallorquin\/\"]}]},{\"@type\":\"BreadcrumbList\",\"@id\":\"https:\/\/www.bodegassuau.ch\/es\/1830-el-mallorquin\/#breadcrumb\",\"itemListElement\":[{\"@type\":\"ListItem\",\"position\":1,\"name\":\"Home\",\"item\":\"https:\/\/www.bodegassuau.ch\/es\/\"},{\"@type\":\"ListItem\",\"position\":2,\"name\":\"1830 el &#8216;Mallorqu\u00edn&#8217;\"}]},{\"@type\":\"WebSite\",\"@id\":\"https:\/\/www.bodegassuau.ch\/#website\",\"url\":\"https:\/\/www.bodegassuau.ch\/\",\"name\":\"Bodegas Suau\",\"description\":\"Bodegas Suau - Licormakers Majorca\",\"publisher\":{\"@id\":\"https:\/\/www.bodegassuau.ch\/#organization\"},\"potentialAction\":[{\"@type\":\"SearchAction\",\"target\":{\"@type\":\"EntryPoint\",\"urlTemplate\":\"https:\/\/www.bodegassuau.ch\/?s={search_term_string}\"},\"query-input\":\"required name=search_term_string\"}],\"inLanguage\":\"es\"},{\"@type\":\"Organization\",\"@id\":\"https:\/\/www.bodegassuau.ch\/#organization\",\"name\":\"Bodegas Suau Schweiz GmbH\",\"url\":\"https:\/\/www.bodegassuau.ch\/\",\"sameAs\":[\"https:\/\/www.instagram.com\/bodegas_suau_schweiz\/\",\"https:\/\/www.facebook.com\/Bodegas-Suau-Schweiz-119952873306311\"],\"logo\":{\"@type\":\"ImageObject\",\"inLanguage\":\"es\",\"@id\":\"https:\/\/www.bodegassuau.ch\/#\/schema\/logo\/image\/\",\"url\":\"https:\/\/www.bodegassuau.ch\/wp-content\/uploads\/2021\/03\/main-logo-black-1.png\",\"contentUrl\":\"https:\/\/www.bodegassuau.ch\/wp-content\/uploads\/2021\/03\/main-logo-black-1.png\",\"width\":182,\"height\":58,\"caption\":\"Bodegas Suau Schweiz GmbH\"},\"image\":{\"@id\":\"https:\/\/www.bodegassuau.ch\/#\/schema\/logo\/image\/\"}}]}<\/script>\n<!-- \/ Yoast SEO plugin. -->","yoast_head_json":{"title":"1830 el 'Mallorqu\u00edn' - Bodegas Suau","robots":{"index":"index","follow":"follow","max-snippet":"max-snippet:-1","max-image-preview":"max-image-preview:large","max-video-preview":"max-video-preview:-1"},"canonical":"https:\/\/www.bodegassuau.ch\/es\/1830-el-mallorquin\/","og_locale":"es_ES","og_type":"article","og_title":"1830 el 'Mallorqu\u00edn' - Bodegas Suau","og_description":"A mediados del siglo XIX, un nav\u00edo espa\u00f1ol, atravesaba el Atl\u00e1ntico a vapor. Su nombre era \u201cel Mallorqu\u00edn\u201d y lo capitaneaba D. Juan Suau y Bennaser. Adem\u00e1s de sus funciones de comandante de \u201cel Mallorqu\u00edn\u201d, Juan Suau era un inquieto comerciante que mont\u00f3 en Cuba un negocio de anisados y otros producctos tipicos del Caribe&hellip;Continue reading","og_url":"https:\/\/www.bodegassuau.ch\/es\/1830-el-mallorquin\/","og_site_name":"Bodegas Suau","article_publisher":"https:\/\/www.facebook.com\/Bodegas-Suau-Schweiz-119952873306311","article_modified_time":"2021-05-20T08:29:09+00:00","twitter_card":"summary_large_image","twitter_misc":{"Tiempo de lectura":"1 minuto"},"schema":{"@context":"https:\/\/schema.org","@graph":[{"@type":"WebPage","@id":"https:\/\/www.bodegassuau.ch\/es\/1830-el-mallorquin\/","url":"https:\/\/www.bodegassuau.ch\/es\/1830-el-mallorquin\/","name":"1830 el 'Mallorqu\u00edn' - Bodegas Suau","isPartOf":{"@id":"https:\/\/www.bodegassuau.ch\/#website"},"datePublished":"2021-03-31T10:24:48+00:00","dateModified":"2021-05-20T08:29:09+00:00","breadcrumb":{"@id":"https:\/\/www.bodegassuau.ch\/es\/1830-el-mallorquin\/#breadcrumb"},"inLanguage":"es","potentialAction":[{"@type":"ReadAction","target":["https:\/\/www.bodegassuau.ch\/es\/1830-el-mallorquin\/"]}]},{"@type":"BreadcrumbList","@id":"https:\/\/www.bodegassuau.ch\/es\/1830-el-mallorquin\/#breadcrumb","itemListElement":[{"@type":"ListItem","position":1,"name":"Home","item":"https:\/\/www.bodegassuau.ch\/es\/"},{"@type":"ListItem","position":2,"name":"1830 el &#8216;Mallorqu\u00edn&#8217;"}]},{"@type":"WebSite","@id":"https:\/\/www.bodegassuau.ch\/#website","url":"https:\/\/www.bodegassuau.ch\/","name":"Bodegas Suau","description":"Bodegas Suau - Licormakers Majorca","publisher":{"@id":"https:\/\/www.bodegassuau.ch\/#organization"},"potentialAction":[{"@type":"SearchAction","target":{"@type":"EntryPoint","urlTemplate":"https:\/\/www.bodegassuau.ch\/?s={search_term_string}"},"query-input":"required name=search_term_string"}],"inLanguage":"es"},{"@type":"Organization","@id":"https:\/\/www.bodegassuau.ch\/#organization","name":"Bodegas Suau Schweiz GmbH","url":"https:\/\/www.bodegassuau.ch\/","sameAs":["https:\/\/www.instagram.com\/bodegas_suau_schweiz\/","https:\/\/www.facebook.com\/Bodegas-Suau-Schweiz-119952873306311"],"logo":{"@type":"ImageObject","inLanguage":"es","@id":"https:\/\/www.bodegassuau.ch\/#\/schema\/logo\/image\/","url":"https:\/\/www.bodegassuau.ch\/wp-content\/uploads\/2021\/03\/main-logo-black-1.png","contentUrl":"https:\/\/www.bodegassuau.ch\/wp-content\/uploads\/2021\/03\/main-logo-black-1.png","width":182,"height":58,"caption":"Bodegas Suau Schweiz GmbH"},"image":{"@id":"https:\/\/www.bodegassuau.ch\/#\/schema\/logo\/image\/"}}]}},"_links":{"self":[{"href":"https:\/\/www.bodegassuau.ch\/es\/wp-json\/wp\/v2\/pages\/1393"}],"collection":[{"href":"https:\/\/www.bodegassuau.ch\/es\/wp-json\/wp\/v2\/pages"}],"about":[{"href":"https:\/\/www.bodegassuau.ch\/es\/wp-json\/wp\/v2\/types\/page"}],"author":[{"embeddable":true,"href":"https:\/\/www.bodegassuau.ch\/es\/wp-json\/wp\/v2\/users\/1"}],"replies":[{"embeddable":true,"href":"https:\/\/www.bodegassuau.ch\/es\/wp-json\/wp\/v2\/comments?post=1393"}],"version-history":[{"count":2,"href":"https:\/\/www.bodegassuau.ch\/es\/wp-json\/wp\/v2\/pages\/1393\/revisions"}],"predecessor-version":[{"id":1963,"href":"https:\/\/www.bodegassuau.ch\/es\/wp-json\/wp\/v2\/pages\/1393\/revisions\/1963"}],"wp:attachment":[{"href":"https:\/\/www.bodegassuau.ch\/es\/wp-json\/wp\/v2\/media?parent=1393"}],"curies":[{"name":"wp","href":"https:\/\/api.w.org\/{rel}","templated":true}]}}