
      
       

{"id":1402,"date":"2021-03-31T11:58:14","date_gmt":"2021-03-31T11:58:14","guid":{"rendered":"https:\/\/www.bodegassuau.ch\/?page_id=1402"},"modified":"2021-05-20T10:33:22","modified_gmt":"2021-05-20T08:33:22","slug":"1850-anis-la-paloma","status":"publish","type":"page","link":"https:\/\/www.bodegassuau.ch\/es\/1850-anis-la-paloma\/","title":{"rendered":"1850 Anis &#8216;La Paloma&#8217;"},"content":{"rendered":"\n<p>El capit\u00e1n Suau vendi\u00f3 su barco, pero no su compa\u00f1\u00eda, que ya hab\u00eda instalado en Palma en 1851 y produc\u00eda lo que conoc\u00eda: las bebidas tradicionales del Caribe. Y con \u00e9l llegaron a Palma hermosos alambiques de cobre e innumerables instrumentos de la industria de los licores que ahora guardamos y mostramos como joyas en nuestro museo.<\/p>\n\n<p>El museo se abri\u00f3 hace dos a\u00f1os para celebrar el 150 aniversario de las Bodegas y Destiler\u00eda Suau en Mallorca. Una fecha \u00fanica para celebrar 150 a\u00f1os de permanencia en el negocio de los licores de las Islas Baleares, sin duda somos los m\u00e1s antiguos en el negocio. Pero no hab\u00eda relaciones rotas con el extranjero donde el capit\u00e1n Suau tuviera que tener admiradores de todo tipo: el an\u00eds se exportaba a M\u00e9xico, las Antillas Holandesas y Buenos Aires. Pancho Villa, el legendario general mexicano era un visitante asiduo y respetado de nuestra f\u00e1brica mallorquina: el mejor an\u00eds era para \u00e9l y sus tropas, el famoso an\u00eds \u00abLa Paloma\u00bb.<\/p>\n\n<p>Este an\u00eds dio su nombre al distrito donde se produjo. Ciertamente algunas batallas famosas fueron ganadas por nuestro cliente con la ayuda de an\u00eds \u00abLa Paloma\u00bb. Posiblemente tambi\u00e9n lo consol\u00f3 en caso de un accidente. En nuestra \u00faltima etapa de producci\u00f3n de destilados decidimos hacer dos productos: Licor de hierbas y brandy. Hace unos 70 a\u00f1os comenzamos con la producci\u00f3n. Los otros no se producir\u00e1n hasta dentro de unos 20 a\u00f1os.<\/p>\n","protected":false},"excerpt":{"rendered":"<p>El capit\u00e1n Suau vendi\u00f3 su barco, pero no su compa\u00f1\u00eda, que ya hab\u00eda instalado en Palma en 1851 y produc\u00eda lo que conoc\u00eda: las bebidas tradicionales del Caribe. Y con \u00e9l llegaron a Palma hermosos alambiques de cobre e innumerables instrumentos de la industria de los licores que ahora guardamos y mostramos como joyas en&hellip;<\/p>\n<p><a class=\"btn btn-primary\" href=\"https:\/\/www.bodegassuau.ch\/es\/1850-anis-la-paloma\/\">Continue reading <i class=\"fas fa-arrow-right\"><\/i><\/a><\/p>\n","protected":false},"author":1,"featured_media":0,"parent":0,"menu_order":0,"comment_status":"closed","ping_status":"closed","template":"","meta":{"_eb_attr":""},"acf":[],"yoast_head":"<!-- This site is optimized with the Yoast SEO plugin v19.8 - https:\/\/yoast.com\/wordpress\/plugins\/seo\/ -->\n<title>1850 Anis &#039;La Paloma&#039; - Bodegas Suau<\/title>\n<meta name=\"robots\" content=\"index, follow, max-snippet:-1, max-image-preview:large, max-video-preview:-1\" \/>\n<link rel=\"canonical\" href=\"https:\/\/www.bodegassuau.ch\/es\/1850-anis-la-paloma\/\" \/>\n<meta property=\"og:locale\" content=\"es_ES\" \/>\n<meta property=\"og:type\" content=\"article\" \/>\n<meta property=\"og:title\" content=\"1850 Anis &#039;La Paloma&#039; - Bodegas Suau\" \/>\n<meta property=\"og:description\" content=\"El capit\u00e1n Suau vendi\u00f3 su barco, pero no su compa\u00f1\u00eda, que ya hab\u00eda instalado en Palma en 1851 y produc\u00eda lo que conoc\u00eda: las bebidas tradicionales del Caribe. Y con \u00e9l llegaron a Palma hermosos alambiques de cobre e innumerables instrumentos de la industria de los licores que ahora guardamos y mostramos como joyas en&hellip;Continue reading\" \/>\n<meta property=\"og:url\" content=\"https:\/\/www.bodegassuau.ch\/es\/1850-anis-la-paloma\/\" \/>\n<meta property=\"og:site_name\" content=\"Bodegas Suau\" \/>\n<meta property=\"article:publisher\" content=\"https:\/\/www.facebook.com\/Bodegas-Suau-Schweiz-119952873306311\" \/>\n<meta property=\"article:modified_time\" content=\"2021-05-20T08:33:22+00:00\" \/>\n<meta name=\"twitter:card\" content=\"summary_large_image\" \/>\n<meta name=\"twitter:label1\" content=\"Tiempo de lectura\" \/>\n\t<meta name=\"twitter:data1\" content=\"1 minuto\" \/>\n<script type=\"application\/ld+json\" class=\"yoast-schema-graph\">{\"@context\":\"https:\/\/schema.org\",\"@graph\":[{\"@type\":\"WebPage\",\"@id\":\"https:\/\/www.bodegassuau.ch\/es\/1850-anis-la-paloma\/\",\"url\":\"https:\/\/www.bodegassuau.ch\/es\/1850-anis-la-paloma\/\",\"name\":\"1850 Anis 'La Paloma' - Bodegas Suau\",\"isPartOf\":{\"@id\":\"https:\/\/www.bodegassuau.ch\/#website\"},\"datePublished\":\"2021-03-31T11:58:14+00:00\",\"dateModified\":\"2021-05-20T08:33:22+00:00\",\"breadcrumb\":{\"@id\":\"https:\/\/www.bodegassuau.ch\/es\/1850-anis-la-paloma\/#breadcrumb\"},\"inLanguage\":\"es\",\"potentialAction\":[{\"@type\":\"ReadAction\",\"target\":[\"https:\/\/www.bodegassuau.ch\/es\/1850-anis-la-paloma\/\"]}]},{\"@type\":\"BreadcrumbList\",\"@id\":\"https:\/\/www.bodegassuau.ch\/es\/1850-anis-la-paloma\/#breadcrumb\",\"itemListElement\":[{\"@type\":\"ListItem\",\"position\":1,\"name\":\"Home\",\"item\":\"https:\/\/www.bodegassuau.ch\/es\/\"},{\"@type\":\"ListItem\",\"position\":2,\"name\":\"1850 Anis &#8216;La Paloma&#8217;\"}]},{\"@type\":\"WebSite\",\"@id\":\"https:\/\/www.bodegassuau.ch\/#website\",\"url\":\"https:\/\/www.bodegassuau.ch\/\",\"name\":\"Bodegas Suau\",\"description\":\"Bodegas Suau - Licormakers Majorca\",\"publisher\":{\"@id\":\"https:\/\/www.bodegassuau.ch\/#organization\"},\"potentialAction\":[{\"@type\":\"SearchAction\",\"target\":{\"@type\":\"EntryPoint\",\"urlTemplate\":\"https:\/\/www.bodegassuau.ch\/?s={search_term_string}\"},\"query-input\":\"required name=search_term_string\"}],\"inLanguage\":\"es\"},{\"@type\":\"Organization\",\"@id\":\"https:\/\/www.bodegassuau.ch\/#organization\",\"name\":\"Bodegas Suau Schweiz GmbH\",\"url\":\"https:\/\/www.bodegassuau.ch\/\",\"sameAs\":[\"https:\/\/www.instagram.com\/bodegas_suau_schweiz\/\",\"https:\/\/www.facebook.com\/Bodegas-Suau-Schweiz-119952873306311\"],\"logo\":{\"@type\":\"ImageObject\",\"inLanguage\":\"es\",\"@id\":\"https:\/\/www.bodegassuau.ch\/#\/schema\/logo\/image\/\",\"url\":\"https:\/\/www.bodegassuau.ch\/wp-content\/uploads\/2021\/03\/main-logo-black-1.png\",\"contentUrl\":\"https:\/\/www.bodegassuau.ch\/wp-content\/uploads\/2021\/03\/main-logo-black-1.png\",\"width\":182,\"height\":58,\"caption\":\"Bodegas Suau Schweiz GmbH\"},\"image\":{\"@id\":\"https:\/\/www.bodegassuau.ch\/#\/schema\/logo\/image\/\"}}]}<\/script>\n<!-- \/ Yoast SEO plugin. -->","yoast_head_json":{"title":"1850 Anis 'La Paloma' - Bodegas Suau","robots":{"index":"index","follow":"follow","max-snippet":"max-snippet:-1","max-image-preview":"max-image-preview:large","max-video-preview":"max-video-preview:-1"},"canonical":"https:\/\/www.bodegassuau.ch\/es\/1850-anis-la-paloma\/","og_locale":"es_ES","og_type":"article","og_title":"1850 Anis 'La Paloma' - Bodegas Suau","og_description":"El capit\u00e1n Suau vendi\u00f3 su barco, pero no su compa\u00f1\u00eda, que ya hab\u00eda instalado en Palma en 1851 y produc\u00eda lo que conoc\u00eda: las bebidas tradicionales del Caribe. Y con \u00e9l llegaron a Palma hermosos alambiques de cobre e innumerables instrumentos de la industria de los licores que ahora guardamos y mostramos como joyas en&hellip;Continue reading","og_url":"https:\/\/www.bodegassuau.ch\/es\/1850-anis-la-paloma\/","og_site_name":"Bodegas Suau","article_publisher":"https:\/\/www.facebook.com\/Bodegas-Suau-Schweiz-119952873306311","article_modified_time":"2021-05-20T08:33:22+00:00","twitter_card":"summary_large_image","twitter_misc":{"Tiempo de lectura":"1 minuto"},"schema":{"@context":"https:\/\/schema.org","@graph":[{"@type":"WebPage","@id":"https:\/\/www.bodegassuau.ch\/es\/1850-anis-la-paloma\/","url":"https:\/\/www.bodegassuau.ch\/es\/1850-anis-la-paloma\/","name":"1850 Anis 'La Paloma' - Bodegas Suau","isPartOf":{"@id":"https:\/\/www.bodegassuau.ch\/#website"},"datePublished":"2021-03-31T11:58:14+00:00","dateModified":"2021-05-20T08:33:22+00:00","breadcrumb":{"@id":"https:\/\/www.bodegassuau.ch\/es\/1850-anis-la-paloma\/#breadcrumb"},"inLanguage":"es","potentialAction":[{"@type":"ReadAction","target":["https:\/\/www.bodegassuau.ch\/es\/1850-anis-la-paloma\/"]}]},{"@type":"BreadcrumbList","@id":"https:\/\/www.bodegassuau.ch\/es\/1850-anis-la-paloma\/#breadcrumb","itemListElement":[{"@type":"ListItem","position":1,"name":"Home","item":"https:\/\/www.bodegassuau.ch\/es\/"},{"@type":"ListItem","position":2,"name":"1850 Anis &#8216;La Paloma&#8217;"}]},{"@type":"WebSite","@id":"https:\/\/www.bodegassuau.ch\/#website","url":"https:\/\/www.bodegassuau.ch\/","name":"Bodegas Suau","description":"Bodegas Suau - Licormakers Majorca","publisher":{"@id":"https:\/\/www.bodegassuau.ch\/#organization"},"potentialAction":[{"@type":"SearchAction","target":{"@type":"EntryPoint","urlTemplate":"https:\/\/www.bodegassuau.ch\/?s={search_term_string}"},"query-input":"required name=search_term_string"}],"inLanguage":"es"},{"@type":"Organization","@id":"https:\/\/www.bodegassuau.ch\/#organization","name":"Bodegas Suau Schweiz GmbH","url":"https:\/\/www.bodegassuau.ch\/","sameAs":["https:\/\/www.instagram.com\/bodegas_suau_schweiz\/","https:\/\/www.facebook.com\/Bodegas-Suau-Schweiz-119952873306311"],"logo":{"@type":"ImageObject","inLanguage":"es","@id":"https:\/\/www.bodegassuau.ch\/#\/schema\/logo\/image\/","url":"https:\/\/www.bodegassuau.ch\/wp-content\/uploads\/2021\/03\/main-logo-black-1.png","contentUrl":"https:\/\/www.bodegassuau.ch\/wp-content\/uploads\/2021\/03\/main-logo-black-1.png","width":182,"height":58,"caption":"Bodegas Suau Schweiz GmbH"},"image":{"@id":"https:\/\/www.bodegassuau.ch\/#\/schema\/logo\/image\/"}}]}},"_links":{"self":[{"href":"https:\/\/www.bodegassuau.ch\/es\/wp-json\/wp\/v2\/pages\/1402"}],"collection":[{"href":"https:\/\/www.bodegassuau.ch\/es\/wp-json\/wp\/v2\/pages"}],"about":[{"href":"https:\/\/www.bodegassuau.ch\/es\/wp-json\/wp\/v2\/types\/page"}],"author":[{"embeddable":true,"href":"https:\/\/www.bodegassuau.ch\/es\/wp-json\/wp\/v2\/users\/1"}],"replies":[{"embeddable":true,"href":"https:\/\/www.bodegassuau.ch\/es\/wp-json\/wp\/v2\/comments?post=1402"}],"version-history":[{"count":2,"href":"https:\/\/www.bodegassuau.ch\/es\/wp-json\/wp\/v2\/pages\/1402\/revisions"}],"predecessor-version":[{"id":1968,"href":"https:\/\/www.bodegassuau.ch\/es\/wp-json\/wp\/v2\/pages\/1402\/revisions\/1968"}],"wp:attachment":[{"href":"https:\/\/www.bodegassuau.ch\/es\/wp-json\/wp\/v2\/media?parent=1402"}],"curies":[{"name":"wp","href":"https:\/\/api.w.org\/{rel}","templated":true}]}}