
      
       

{"id":199,"date":"2021-03-11T13:06:55","date_gmt":"2021-03-11T13:06:55","guid":{"rendered":"https:\/\/www.bodegassuau.ch\/?page_id=199"},"modified":"2021-05-20T13:09:19","modified_gmt":"2021-05-20T11:09:19","slug":"politica-de-devoluciones-y-reembolsos","status":"publish","type":"page","link":"https:\/\/www.bodegassuau.ch\/es\/politica-de-devoluciones-y-reembolsos\/","title":{"rendered":"Pol\u00edtica de Devoluciones y Reembolsos"},"content":{"rendered":"\n<h2>Eink\u00e4ufen bei Bodegas Suau Schweiz GmbH<\/h2>\n\n<p>F\u00fcr die bei uns gekauften Produkte gilt ein Widerrufsrecht. Bei Flaschenware umfasst das Widerrufsrecht ausschliesslich geschlossene Flaschen mit Originalversiegelung. Bitte senden Sie uns Ihren Widerruf schriftlich (mit Angaben von Gr\u00fcnden notwendig) per E-Mail innerhalb von 7 Tagen nach Erhalt der Ware zu. F\u00fcr die Wahrung der Frist ist der Zeitpunkt der Absendung des Widerrufs massgebend. Der Widerruf ist zu richten an:<\/p>\n\n<p>Bodegas Suau Schweiz GmbH<br\/>Dorfstrasse 49<br\/>CH-8484 Weisslingen<br\/>+41 79 515 05 99<br\/><a href=\"mailto:info@bodegassuau.ch\" target=\"_blank\" rel=\"noreferrer noopener\">info@bodegassuau.ch<\/a><\/p>\n\n<p>Die Aus\u00fcbung des Widerrufsrechts f\u00fchrt zur Umwandlung des Kaufvertrags in ein R\u00fcckabwicklungsverh\u00e4ltnis, wonach die im Rahmen des Kaufvertrags empfangenen Leistungen zur\u00fcck erstattet werden m\u00fcssen. Bitte senden Sie uns die Ware im Falle eines Widerrufs unverz\u00fcglich mit der Originalverpackung unter Beif\u00fcgung einer Rechnungskopie zur\u00fcck. Die Kosten f\u00fcr die R\u00fccksendung sind von Ihnen zu tragen. Wir werden Ihnen den Kaufpreis nach Eingang der Ware zur\u00fcckerstatten. Wir behalten uns vor, Ersatz f\u00fcr m\u00f6gliche Besch\u00e4digungen oder \u00fcberm\u00e4ssige Abnutzung vom zu erstattenden Kaufpreis abzuziehen.<br\/>Bitte beachten Sie, dass bei Waren, die nach Kundenspezifikationen angefertigt wurden (z.B.: Spezialetiketten, Sonderabf\u00fcllungen, Gutscheine mit speziellem Text, etc.) oder eindeutig auf pers\u00f6nliche Bed\u00fcrfnisse zugeschnitten sind, kein Widerrufsrecht besteht.<br\/>Ist ein gelieferter Artikel besch\u00e4digt bei Ihnen eingetroffen oder entspricht er nicht der bestellten Ware, verpflichtet sich Bodegas Suau Schweiz GmbH, die Ware auf eigene Kosten umzutauschen.<br\/>Diese Widerrufsregeln sind verbindlicher Bestandteil der allgemeinen Gesch\u00e4ftsbedingungen der Bodegas Suau Schweiz GmbH.<\/p>\n\n<div style=\"height:48px\" aria-hidden=\"true\" class=\"wp-block-spacer\"><\/div>\n","protected":false},"excerpt":{"rendered":"<p>Eink\u00e4ufen bei Bodegas Suau Schweiz GmbH F\u00fcr die bei uns gekauften Produkte gilt ein Widerrufsrecht. Bei Flaschenware umfasst das Widerrufsrecht ausschliesslich geschlossene Flaschen mit Originalversiegelung. Bitte senden Sie uns Ihren Widerruf schriftlich (mit Angaben von Gr\u00fcnden notwendig) per E-Mail innerhalb von 7 Tagen nach Erhalt der Ware zu. F\u00fcr die Wahrung der Frist ist der&hellip;<\/p>\n<p><a class=\"btn btn-primary\" href=\"https:\/\/www.bodegassuau.ch\/es\/politica-de-devoluciones-y-reembolsos\/\">Continue reading <i class=\"fas fa-arrow-right\"><\/i><\/a><\/p>\n","protected":false},"author":1,"featured_media":49,"parent":0,"menu_order":0,"comment_status":"closed","ping_status":"closed","template":"full-width.php","meta":{"_eb_attr":""},"acf":[],"yoast_head":"<!-- This site is optimized with the Yoast SEO plugin v19.8 - https:\/\/yoast.com\/wordpress\/plugins\/seo\/ -->\n<title>Pol\u00edtica de Devoluciones y Reembolsos - Bodegas Suau<\/title>\n<meta name=\"robots\" content=\"index, follow, max-snippet:-1, max-image-preview:large, max-video-preview:-1\" \/>\n<link rel=\"canonical\" href=\"https:\/\/www.bodegassuau.ch\/es\/politica-de-devoluciones-y-reembolsos\/\" \/>\n<meta property=\"og:locale\" content=\"es_ES\" \/>\n<meta property=\"og:type\" content=\"article\" \/>\n<meta property=\"og:title\" content=\"Pol\u00edtica de Devoluciones y Reembolsos - Bodegas Suau\" \/>\n<meta property=\"og:description\" content=\"Eink\u00e4ufen bei Bodegas Suau Schweiz GmbH F\u00fcr die bei uns gekauften Produkte gilt ein Widerrufsrecht. Bei Flaschenware umfasst das Widerrufsrecht ausschliesslich geschlossene Flaschen mit Originalversiegelung. Bitte senden Sie uns Ihren Widerruf schriftlich (mit Angaben von Gr\u00fcnden notwendig) per E-Mail innerhalb von 7 Tagen nach Erhalt der Ware zu. F\u00fcr die Wahrung der Frist ist der&hellip;Continue reading\" \/>\n<meta property=\"og:url\" content=\"https:\/\/www.bodegassuau.ch\/es\/politica-de-devoluciones-y-reembolsos\/\" \/>\n<meta property=\"og:site_name\" content=\"Bodegas Suau\" \/>\n<meta property=\"article:publisher\" content=\"https:\/\/www.facebook.com\/Bodegas-Suau-Schweiz-119952873306311\" \/>\n<meta property=\"article:modified_time\" content=\"2021-05-20T11:09:19+00:00\" \/>\n<meta property=\"og:image\" content=\"https:\/\/www.bodegassuau.ch\/wp-content\/uploads\/2021\/03\/bodegas-suau.jpg\" \/>\n\t<meta property=\"og:image:width\" content=\"1400\" \/>\n\t<meta property=\"og:image:height\" content=\"900\" \/>\n\t<meta property=\"og:image:type\" content=\"image\/jpeg\" \/>\n<meta name=\"twitter:card\" content=\"summary_large_image\" \/>\n<meta name=\"twitter:label1\" content=\"Tiempo de lectura\" \/>\n\t<meta name=\"twitter:data1\" content=\"1 minuto\" \/>\n<script type=\"application\/ld+json\" class=\"yoast-schema-graph\">{\"@context\":\"https:\/\/schema.org\",\"@graph\":[{\"@type\":\"WebPage\",\"@id\":\"https:\/\/www.bodegassuau.ch\/es\/politica-de-devoluciones-y-reembolsos\/\",\"url\":\"https:\/\/www.bodegassuau.ch\/es\/politica-de-devoluciones-y-reembolsos\/\",\"name\":\"Pol\u00edtica de Devoluciones y Reembolsos - Bodegas Suau\",\"isPartOf\":{\"@id\":\"https:\/\/www.bodegassuau.ch\/#website\"},\"datePublished\":\"2021-03-11T13:06:55+00:00\",\"dateModified\":\"2021-05-20T11:09:19+00:00\",\"breadcrumb\":{\"@id\":\"https:\/\/www.bodegassuau.ch\/es\/politica-de-devoluciones-y-reembolsos\/#breadcrumb\"},\"inLanguage\":\"es\",\"potentialAction\":[{\"@type\":\"ReadAction\",\"target\":[\"https:\/\/www.bodegassuau.ch\/es\/politica-de-devoluciones-y-reembolsos\/\"]}]},{\"@type\":\"BreadcrumbList\",\"@id\":\"https:\/\/www.bodegassuau.ch\/es\/politica-de-devoluciones-y-reembolsos\/#breadcrumb\",\"itemListElement\":[{\"@type\":\"ListItem\",\"position\":1,\"name\":\"Home\",\"item\":\"https:\/\/www.bodegassuau.ch\/es\/\"},{\"@type\":\"ListItem\",\"position\":2,\"name\":\"Pol\u00edtica de Devoluciones y Reembolsos\"}]},{\"@type\":\"WebSite\",\"@id\":\"https:\/\/www.bodegassuau.ch\/#website\",\"url\":\"https:\/\/www.bodegassuau.ch\/\",\"name\":\"Bodegas Suau\",\"description\":\"Bodegas Suau - Licormakers Majorca\",\"publisher\":{\"@id\":\"https:\/\/www.bodegassuau.ch\/#organization\"},\"potentialAction\":[{\"@type\":\"SearchAction\",\"target\":{\"@type\":\"EntryPoint\",\"urlTemplate\":\"https:\/\/www.bodegassuau.ch\/?s={search_term_string}\"},\"query-input\":\"required name=search_term_string\"}],\"inLanguage\":\"es\"},{\"@type\":\"Organization\",\"@id\":\"https:\/\/www.bodegassuau.ch\/#organization\",\"name\":\"Bodegas Suau Schweiz GmbH\",\"url\":\"https:\/\/www.bodegassuau.ch\/\",\"sameAs\":[\"https:\/\/www.instagram.com\/bodegas_suau_schweiz\/\",\"https:\/\/www.facebook.com\/Bodegas-Suau-Schweiz-119952873306311\"],\"logo\":{\"@type\":\"ImageObject\",\"inLanguage\":\"es\",\"@id\":\"https:\/\/www.bodegassuau.ch\/#\/schema\/logo\/image\/\",\"url\":\"https:\/\/www.bodegassuau.ch\/wp-content\/uploads\/2021\/03\/main-logo-black-1.png\",\"contentUrl\":\"https:\/\/www.bodegassuau.ch\/wp-content\/uploads\/2021\/03\/main-logo-black-1.png\",\"width\":182,\"height\":58,\"caption\":\"Bodegas Suau Schweiz GmbH\"},\"image\":{\"@id\":\"https:\/\/www.bodegassuau.ch\/#\/schema\/logo\/image\/\"}}]}<\/script>\n<!-- \/ Yoast SEO plugin. -->","yoast_head_json":{"title":"Pol\u00edtica de Devoluciones y Reembolsos - Bodegas Suau","robots":{"index":"index","follow":"follow","max-snippet":"max-snippet:-1","max-image-preview":"max-image-preview:large","max-video-preview":"max-video-preview:-1"},"canonical":"https:\/\/www.bodegassuau.ch\/es\/politica-de-devoluciones-y-reembolsos\/","og_locale":"es_ES","og_type":"article","og_title":"Pol\u00edtica de Devoluciones y Reembolsos - Bodegas Suau","og_description":"Eink\u00e4ufen bei Bodegas Suau Schweiz GmbH F\u00fcr die bei uns gekauften Produkte gilt ein Widerrufsrecht. Bei Flaschenware umfasst das Widerrufsrecht ausschliesslich geschlossene Flaschen mit Originalversiegelung. Bitte senden Sie uns Ihren Widerruf schriftlich (mit Angaben von Gr\u00fcnden notwendig) per E-Mail innerhalb von 7 Tagen nach Erhalt der Ware zu. F\u00fcr die Wahrung der Frist ist der&hellip;Continue reading","og_url":"https:\/\/www.bodegassuau.ch\/es\/politica-de-devoluciones-y-reembolsos\/","og_site_name":"Bodegas Suau","article_publisher":"https:\/\/www.facebook.com\/Bodegas-Suau-Schweiz-119952873306311","article_modified_time":"2021-05-20T11:09:19+00:00","og_image":[{"width":1400,"height":900,"url":"https:\/\/www.bodegassuau.ch\/wp-content\/uploads\/2021\/03\/bodegas-suau.jpg","type":"image\/jpeg"}],"twitter_card":"summary_large_image","twitter_misc":{"Tiempo de lectura":"1 minuto"},"schema":{"@context":"https:\/\/schema.org","@graph":[{"@type":"WebPage","@id":"https:\/\/www.bodegassuau.ch\/es\/politica-de-devoluciones-y-reembolsos\/","url":"https:\/\/www.bodegassuau.ch\/es\/politica-de-devoluciones-y-reembolsos\/","name":"Pol\u00edtica de Devoluciones y Reembolsos - Bodegas Suau","isPartOf":{"@id":"https:\/\/www.bodegassuau.ch\/#website"},"datePublished":"2021-03-11T13:06:55+00:00","dateModified":"2021-05-20T11:09:19+00:00","breadcrumb":{"@id":"https:\/\/www.bodegassuau.ch\/es\/politica-de-devoluciones-y-reembolsos\/#breadcrumb"},"inLanguage":"es","potentialAction":[{"@type":"ReadAction","target":["https:\/\/www.bodegassuau.ch\/es\/politica-de-devoluciones-y-reembolsos\/"]}]},{"@type":"BreadcrumbList","@id":"https:\/\/www.bodegassuau.ch\/es\/politica-de-devoluciones-y-reembolsos\/#breadcrumb","itemListElement":[{"@type":"ListItem","position":1,"name":"Home","item":"https:\/\/www.bodegassuau.ch\/es\/"},{"@type":"ListItem","position":2,"name":"Pol\u00edtica de Devoluciones y Reembolsos"}]},{"@type":"WebSite","@id":"https:\/\/www.bodegassuau.ch\/#website","url":"https:\/\/www.bodegassuau.ch\/","name":"Bodegas Suau","description":"Bodegas Suau - Licormakers Majorca","publisher":{"@id":"https:\/\/www.bodegassuau.ch\/#organization"},"potentialAction":[{"@type":"SearchAction","target":{"@type":"EntryPoint","urlTemplate":"https:\/\/www.bodegassuau.ch\/?s={search_term_string}"},"query-input":"required name=search_term_string"}],"inLanguage":"es"},{"@type":"Organization","@id":"https:\/\/www.bodegassuau.ch\/#organization","name":"Bodegas Suau Schweiz GmbH","url":"https:\/\/www.bodegassuau.ch\/","sameAs":["https:\/\/www.instagram.com\/bodegas_suau_schweiz\/","https:\/\/www.facebook.com\/Bodegas-Suau-Schweiz-119952873306311"],"logo":{"@type":"ImageObject","inLanguage":"es","@id":"https:\/\/www.bodegassuau.ch\/#\/schema\/logo\/image\/","url":"https:\/\/www.bodegassuau.ch\/wp-content\/uploads\/2021\/03\/main-logo-black-1.png","contentUrl":"https:\/\/www.bodegassuau.ch\/wp-content\/uploads\/2021\/03\/main-logo-black-1.png","width":182,"height":58,"caption":"Bodegas Suau Schweiz GmbH"},"image":{"@id":"https:\/\/www.bodegassuau.ch\/#\/schema\/logo\/image\/"}}]}},"_links":{"self":[{"href":"https:\/\/www.bodegassuau.ch\/es\/wp-json\/wp\/v2\/pages\/199"}],"collection":[{"href":"https:\/\/www.bodegassuau.ch\/es\/wp-json\/wp\/v2\/pages"}],"about":[{"href":"https:\/\/www.bodegassuau.ch\/es\/wp-json\/wp\/v2\/types\/page"}],"author":[{"embeddable":true,"href":"https:\/\/www.bodegassuau.ch\/es\/wp-json\/wp\/v2\/users\/1"}],"replies":[{"embeddable":true,"href":"https:\/\/www.bodegassuau.ch\/es\/wp-json\/wp\/v2\/comments?post=199"}],"version-history":[{"count":2,"href":"https:\/\/www.bodegassuau.ch\/es\/wp-json\/wp\/v2\/pages\/199\/revisions"}],"predecessor-version":[{"id":2054,"href":"https:\/\/www.bodegassuau.ch\/es\/wp-json\/wp\/v2\/pages\/199\/revisions\/2054"}],"wp:featuredmedia":[{"embeddable":true,"href":"https:\/\/www.bodegassuau.ch\/es\/wp-json\/wp\/v2\/media\/49"}],"wp:attachment":[{"href":"https:\/\/www.bodegassuau.ch\/es\/wp-json\/wp\/v2\/media?parent=199"}],"curies":[{"name":"wp","href":"https:\/\/api.w.org\/{rel}","templated":true}]}}