
      
       

{"id":581,"date":"2021-03-12T09:48:10","date_gmt":"2021-03-12T09:48:10","guid":{"rendered":"https:\/\/www.bodegassuau.ch\/?page_id=581"},"modified":"2021-05-20T10:22:48","modified_gmt":"2021-05-20T08:22:48","slug":"la-bodega","status":"publish","type":"page","link":"https:\/\/www.bodegassuau.ch\/es\/la-bodega\/","title":{"rendered":"La Bodega"},"content":{"rendered":"<div id=\"pl-gb581-69f9e66111964\"  class=\"panel-layout\" ><div id=\"pg-gb581-69f9e66111964-0\"  class=\"panel-grid panel-no-style\" ><div id=\"pgc-gb581-69f9e66111964-0-0\"  class=\"panel-grid-cell\" ><div id=\"panel-gb581-69f9e66111964-0-0-0\" class=\"so-panel widget widget_text panel-first-child panel-last-child\" data-index=\"0\" ><div class=\"text-highlighted panel-widget-style panel-widget-style-for-gb581-69f9e66111964-0-0-0\" >\t\t\t<div class=\"textwidget\"><div class=\"section-header container\">\n<p class=\"lead\">Una bodega tradicional mallorquina. Somos una compa\u00f1\u00eda familiar y artesanal con mas de 170 a\u00f1os de historia y tradici\u00f3n, ubicada en un edificio hist\u00f3rico que tiene m\u00e1s de 200 a\u00f1os.<\/p>\n<\/div>\n<\/div>\n\t\t<\/div><\/div><\/div><\/div><div id=\"pg-gb581-69f9e66111964-1\"  class=\"panel-grid panel-has-style\" ><div class=\"twocol-imgblock panel-row-style panel-row-style-for-gb581-69f9e66111964-1\" ><div id=\"pgc-gb581-69f9e66111964-1-0\"  class=\"panel-grid-cell\" ><div id=\"panel-gb581-69f9e66111964-1-0-0\" class=\"so-panel widget widget_sow-editor panel-first-child panel-last-child\" data-index=\"1\" ><div\n\t\t\t\n\t\t\tclass=\"so-widget-sow-editor so-widget-sow-editor-base\"\n\t\t\t\n\t\t>\n<div class=\"siteorigin-widget-tinymce textwidget\">\n\t<figure class=\"effect-chico\"><a title=\"La historia\" href=\"\/es\/la-bodega\/la-historia\/\"><img loading=\"lazy\" class=\"alignnone size-medium wp-image-124\" src=\"\/wp-content\/uploads\/2021\/03\/labotega-suau-467x300.jpg\" alt=\"\" width=\"467\" height=\"300\" srcset=\"https:\/\/www.bodegassuau.ch\/wp-content\/uploads\/2021\/03\/labotega-suau-467x300.jpg 467w, https:\/\/www.bodegassuau.ch\/wp-content\/uploads\/2021\/03\/labotega-suau-300x193.jpg 300w, https:\/\/www.bodegassuau.ch\/wp-content\/uploads\/2021\/03\/labotega-suau-600x386.jpg 600w, https:\/\/www.bodegassuau.ch\/wp-content\/uploads\/2021\/03\/labotega-suau-1110x714.jpg 1110w, https:\/\/www.bodegassuau.ch\/wp-content\/uploads\/2021\/03\/labotega-suau-768x494.jpg 768w, https:\/\/www.bodegassuau.ch\/wp-content\/uploads\/2021\/03\/labotega-suau.jpg 1400w\" sizes=\"(max-width: 467px) 100vw, 467px\" \/><figcaption>\n<h3>La historia<\/h3>\n<p>VER M\u00c1S<\/p>\n<\/figcaption><\/a><br \/>\n<\/figure>\n<\/div>\n<\/div><\/div><\/div><div id=\"pgc-gb581-69f9e66111964-1-1\"  class=\"panel-grid-cell\" ><div id=\"panel-gb581-69f9e66111964-1-1-0\" class=\"so-panel widget widget_sow-editor panel-first-child panel-last-child\" data-index=\"2\" ><div\n\t\t\t\n\t\t\tclass=\"so-widget-sow-editor so-widget-sow-editor-base\"\n\t\t\t\n\t\t>\n<div class=\"siteorigin-widget-tinymce textwidget\">\n\t<figure class=\"effect-chico\"><a title=\"Visitas\" href=\"\/es\/la-bodega\/visitas\/\"><br \/>\n<img loading=\"lazy\" class=\"alignnone size-medium wp-image-50\" src=\"\/wp-content\/uploads\/2021\/03\/visits-bodega-suau-467x300.jpg\" alt=\"\" width=\"467\" height=\"300\" srcset=\"https:\/\/www.bodegassuau.ch\/wp-content\/uploads\/2021\/03\/visits-bodega-suau-467x300.jpg 467w, https:\/\/www.bodegassuau.ch\/wp-content\/uploads\/2021\/03\/visits-bodega-suau-300x193.jpg 300w, https:\/\/www.bodegassuau.ch\/wp-content\/uploads\/2021\/03\/visits-bodega-suau-600x386.jpg 600w, https:\/\/www.bodegassuau.ch\/wp-content\/uploads\/2021\/03\/visits-bodega-suau-1110x714.jpg 1110w, https:\/\/www.bodegassuau.ch\/wp-content\/uploads\/2021\/03\/visits-bodega-suau-768x494.jpg 768w, https:\/\/www.bodegassuau.ch\/wp-content\/uploads\/2021\/03\/visits-bodega-suau.jpg 1400w\" sizes=\"(max-width: 467px) 100vw, 467px\" \/><figcaption>\n<h3>Visitas<\/h3>\n<p>VER M\u00c1S<\/p>\n<\/figcaption><\/a><br \/>\n<\/figure>\n<\/div>\n<\/div><\/div><\/div><\/div><\/div><div id=\"pg-gb581-69f9e66111964-2\"  class=\"panel-grid panel-has-style\" ><div class=\"two-column-block grayBg the-cellar-order-xs panel-row-style panel-row-style-for-gb581-69f9e66111964-2\" ><div id=\"pgc-gb581-69f9e66111964-2-0\"  class=\"panel-grid-cell\" ><div id=\"panel-gb581-69f9e66111964-2-0-0\" class=\"so-panel widget widget_sow-image panel-first-child panel-last-child\" data-index=\"3\" ><div class=\"left-block panel-widget-style panel-widget-style-for-gb581-69f9e66111964-2-0-0\" ><div\n\t\t\t\n\t\t\tclass=\"so-widget-sow-image so-widget-sow-image-default-d6014b76747a-581\"\n\t\t\t\n\t\t>\n\n<div class=\"sow-image-container\">\n\t\t<img src=\"https:\/\/www.bodegassuau.ch\/wp-content\/uploads\/2021\/03\/bodega-foto-531x600.jpg\" width=\"531\" height=\"600\" sizes=\"(max-width: 531px) 100vw, 531px\" alt=\"\" loading=\"lazy\" \t\tclass=\"so-widget-image\"\/>\n\t<\/div>\n\n<\/div><\/div><\/div><\/div><div id=\"pgc-gb581-69f9e66111964-2-1\"  class=\"panel-grid-cell\" ><div id=\"panel-gb581-69f9e66111964-2-1-0\" class=\"widget_text so-panel widget widget_custom_html panel-first-child panel-last-child\" data-index=\"4\" ><div class=\"widget_text right-block panel-widget-style panel-widget-style-for-gb581-69f9e66111964-2-1-0\" ><div class=\"textwidget custom-html-widget\"><div class=\"ord-2 inverted\">\n<div class=\"inner-box-text\"><span class=\"litegrey\">QUI\u00c9NES SOMOS<\/span>\n\n<h3>Productores de brandy desde 1851<\/h3>\n\n<p>Bodegas Suau est\u00e1 ubicada en el distrito de Marratx\u00ed muy cerca de la capital de Mallorca, Palma. La nuestra, una isla de contrastes excepcionales, algunos de nuestros lugares y monumentos locales se consideran parte de las 7 maravillas del mundo.<\/p>\n<a class=\"btn btn-black mt5 mb3\" href=\"\/es\/la-bodega\/la-historia\/\" title=\"Suau story\">Historia de Bodegas Suau<\/a><\/div>\n<\/div><\/div><\/div><\/div><\/div><\/div><\/div><div id=\"pg-gb581-69f9e66111964-3\"  class=\"panel-grid panel-has-style\" ><div class=\"two-column-block grayBg panel-row-style panel-row-style-for-gb581-69f9e66111964-3\" ><div id=\"pgc-gb581-69f9e66111964-3-0\"  class=\"panel-grid-cell\" ><div id=\"panel-gb581-69f9e66111964-3-0-0\" class=\"widget_text so-panel widget widget_custom_html panel-first-child panel-last-child\" data-index=\"5\" ><div class=\"widget_text right-block panel-widget-style panel-widget-style-for-gb581-69f9e66111964-3-0-0\" ><div class=\"textwidget custom-html-widget\"><div class=\"inner-box-text\"><span class=\"litegrey\">LA CEPA AIR\u00c9N<\/span>\n\n<h3>La base de nuestro Brandy Suau<\/h3>\n\n<p>La cepa air\u00e9n es suavemente prensada para evitar la extracci\u00f3n de taninos y substratos oleos que podr\u00edan afectar a la calidad del producto final. Una vez hemos extra\u00eddo el mosto empieza la fase de fermentaci\u00f3n, donde se consolida el cuerpo y el aroma del brandy se refuerza. El resultado final es un brandy de 78% grados de alcohol. En nuestra particular solera y sistema est\u00e1tico de envejecimiento, conjuntamente con el control del contenido alcoh\u00f3lico del l\u00edquido, envejecemos en nuestras barricas a 39%, de una forma lenta y calmada.<\/p>\n<a class=\"btn btn-black mt5 mb3\" href=\"\/es\/la-bodega\/la-historia\/\" title=\"Suau story\">Historia de Bodegas Suau<\/a><\/div><\/div><\/div><\/div><\/div><div id=\"pgc-gb581-69f9e66111964-3-1\"  class=\"panel-grid-cell\" ><div id=\"panel-gb581-69f9e66111964-3-1-0\" class=\"so-panel widget widget_sow-image panel-first-child panel-last-child\" data-index=\"6\" ><div class=\"left-block panel-widget-style panel-widget-style-for-gb581-69f9e66111964-3-1-0\" ><div\n\t\t\t\n\t\t\tclass=\"so-widget-sow-image so-widget-sow-image-default-d6014b76747a-581\"\n\t\t\t\n\t\t>\n\n<div class=\"sow-image-container\">\n\t\t<img src=\"https:\/\/www.bodegassuau.ch\/wp-content\/uploads\/2021\/03\/uvas-airen-500x600.jpg\" width=\"500\" height=\"600\" sizes=\"(max-width: 500px) 100vw, 500px\" alt=\"\" loading=\"lazy\" \t\tclass=\"so-widget-image\"\/>\n\t<\/div>\n\n<\/div><\/div><\/div><\/div><\/div><\/div><div id=\"pg-gb581-69f9e66111964-4\"  class=\"panel-grid panel-has-style\" ><div class=\"parallax-box full-width panel-row-style panel-row-style-for-gb581-69f9e66111964-4\" ><div id=\"pgc-gb581-69f9e66111964-4-0\"  class=\"panel-grid-cell\" ><div id=\"panel-gb581-69f9e66111964-4-0-0\" class=\"widget_text so-panel widget widget_custom_html panel-first-child panel-last-child\" data-index=\"7\" ><div class=\"textwidget custom-html-widget\"><div class=\"box-border\">\n<h3 class=\"white\">Brandy Suau<\/h3>\n\n<p class=\"white\">un sabor que era capaz de conquistar el mundo.<\/p>\n<a class=\"btn btn-white mt5\" href=\"\/es\/tienda\/\" title=\"collection Suau\">Nuestra collecci\u00f3n<\/a>\n\t<\/div><\/div><\/div><\/div><\/div><\/div><div id=\"pg-gb581-69f9e66111964-5\"  class=\"panel-grid panel-has-style\" ><div class=\"video-seccion full-width panel-row-style panel-row-style-for-gb581-69f9e66111964-5\" ><div id=\"pgc-gb581-69f9e66111964-5-0\"  class=\"panel-grid-cell\" ><div id=\"panel-gb581-69f9e66111964-5-0-0\" class=\"so-panel widget widget_sow-editor panel-first-child panel-last-child\" data-index=\"8\" ><div\n\t\t\t\n\t\t\tclass=\"so-widget-sow-editor so-widget-sow-editor-base\"\n\t\t\t\n\t\t>\n<div class=\"siteorigin-widget-tinymce textwidget\">\n\t<div class=\"photoswipe-wrapper the-cellar-de-video\" data-pswp-uid=\"1\" style=\"background: url(https:\/\/www.bodegassuau.ch\/wp-content\/uploads\/2021\/03\/suau-1-1536x853.jpg);\">\n<div class=\"overly-mask-dark\"><\/div>\n<div class=\"photoswipe-item\">\n<div class=\"text_video\">\n<h3 class=\"text-center\">Bodega Suau<\/h3>\n<p><span class=\"text-center\">El destilado que est\u00e1 conquistando a sommeliers de todo el mundo  <\/span><br \/>\n<button type=\"button\" class=\"btn play-btn\" data-toggle=\"modal\" data-target=\"#VideoPop\"><i class=\"fas fa-play\"><\/i><\/button>\n<\/div>\n<\/div>\n<\/div>\n<p><!-- Modal --><\/p>\n<div class=\"modal fade VideoPopup the-cellar-de-video-modal\" id=\"VideoPop\" tabindex=\"-1\" role=\"dialog\" aria-labelledby=\"exampleModalCenterTitle\" aria-hidden=\"true\">\n<div class=\"modal-dialog modal-dialog-centered modal-lg\" role=\"document\">\n<div class=\"modal-content\">\n<div class=\"modal-body p-0\">\n         <iframe loading=\"lazy\" width=\"560\" height=\"315\" src=\"https:\/\/www.youtube.com\/embed\/OBGQLB5Y0qA\" title=\"YouTube video player\" frameborder=\"0\" allow=\"accelerometer; autoplay; clipboard-write; encrypted-media; gyroscope; picture-in-picture\" allowfullscreen><\/iframe>\n      <\/div>\n<\/p><\/div>\n<\/p><\/div>\n<\/div>\n<\/div>\n<\/div><\/div><\/div><\/div><\/div><\/div>","protected":false},"excerpt":{"rendered":"<p>Una bodega tradicional mallorquina. Somos una compa\u00f1\u00eda familiar y artesanal con mas de 170 a\u00f1os de historia y tradici\u00f3n, ubicada en un edificio hist\u00f3rico que tiene m\u00e1s de 200 a\u00f1os. La historia VER M\u00c1S Visitas VER M\u00c1S<\/p>\n","protected":false},"author":1,"featured_media":126,"parent":0,"menu_order":0,"comment_status":"closed","ping_status":"closed","template":"innerpage.php","meta":{"_eb_attr":""},"acf":[],"yoast_head":"<!-- This site is optimized with the Yoast SEO plugin v19.8 - https:\/\/yoast.com\/wordpress\/plugins\/seo\/ -->\n<title>La Bodega - Bodegas Suau<\/title>\n<meta name=\"robots\" content=\"index, follow, max-snippet:-1, max-image-preview:large, max-video-preview:-1\" \/>\n<link rel=\"canonical\" href=\"https:\/\/www.bodegassuau.ch\/es\/la-bodega\/\" \/>\n<meta property=\"og:locale\" content=\"es_ES\" \/>\n<meta property=\"og:type\" content=\"article\" \/>\n<meta property=\"og:title\" content=\"La Bodega - Bodegas Suau\" \/>\n<meta property=\"og:description\" content=\"Una bodega tradicional mallorquina. Somos una compa\u00f1\u00eda familiar y artesanal con mas de 170 a\u00f1os de historia y tradici\u00f3n, ubicada en un edificio hist\u00f3rico que tiene m\u00e1s de 200 a\u00f1os. La historia VER M\u00c1S Visitas VER M\u00c1S\" \/>\n<meta property=\"og:url\" content=\"https:\/\/www.bodegassuau.ch\/es\/la-bodega\/\" \/>\n<meta property=\"og:site_name\" content=\"Bodegas Suau\" \/>\n<meta property=\"article:publisher\" content=\"https:\/\/www.facebook.com\/Bodegas-Suau-Schweiz-119952873306311\" \/>\n<meta property=\"article:modified_time\" content=\"2021-05-20T08:22:48+00:00\" \/>\n<meta property=\"og:image\" content=\"https:\/\/www.bodegassuau.ch\/wp-content\/uploads\/2021\/03\/labotega-suau.jpg\" \/>\n\t<meta property=\"og:image:width\" content=\"1400\" \/>\n\t<meta property=\"og:image:height\" content=\"900\" \/>\n\t<meta property=\"og:image:type\" content=\"image\/jpeg\" \/>\n<meta name=\"twitter:card\" content=\"summary_large_image\" \/>\n<meta name=\"twitter:label1\" content=\"Tiempo de lectura\" \/>\n\t<meta name=\"twitter:data1\" content=\"3 minutos\" \/>\n<script type=\"application\/ld+json\" class=\"yoast-schema-graph\">{\"@context\":\"https:\/\/schema.org\",\"@graph\":[{\"@type\":\"WebPage\",\"@id\":\"https:\/\/www.bodegassuau.ch\/es\/la-bodega\/\",\"url\":\"https:\/\/www.bodegassuau.ch\/es\/la-bodega\/\",\"name\":\"La Bodega - Bodegas Suau\",\"isPartOf\":{\"@id\":\"https:\/\/www.bodegassuau.ch\/#website\"},\"datePublished\":\"2021-03-12T09:48:10+00:00\",\"dateModified\":\"2021-05-20T08:22:48+00:00\",\"breadcrumb\":{\"@id\":\"https:\/\/www.bodegassuau.ch\/es\/la-bodega\/#breadcrumb\"},\"inLanguage\":\"es\",\"potentialAction\":[{\"@type\":\"ReadAction\",\"target\":[\"https:\/\/www.bodegassuau.ch\/es\/la-bodega\/\"]}]},{\"@type\":\"BreadcrumbList\",\"@id\":\"https:\/\/www.bodegassuau.ch\/es\/la-bodega\/#breadcrumb\",\"itemListElement\":[{\"@type\":\"ListItem\",\"position\":1,\"name\":\"Home\",\"item\":\"https:\/\/www.bodegassuau.ch\/es\/\"},{\"@type\":\"ListItem\",\"position\":2,\"name\":\"La Bodega\"}]},{\"@type\":\"WebSite\",\"@id\":\"https:\/\/www.bodegassuau.ch\/#website\",\"url\":\"https:\/\/www.bodegassuau.ch\/\",\"name\":\"Bodegas Suau\",\"description\":\"Bodegas Suau - Licormakers Majorca\",\"publisher\":{\"@id\":\"https:\/\/www.bodegassuau.ch\/#organization\"},\"potentialAction\":[{\"@type\":\"SearchAction\",\"target\":{\"@type\":\"EntryPoint\",\"urlTemplate\":\"https:\/\/www.bodegassuau.ch\/?s={search_term_string}\"},\"query-input\":\"required name=search_term_string\"}],\"inLanguage\":\"es\"},{\"@type\":\"Organization\",\"@id\":\"https:\/\/www.bodegassuau.ch\/#organization\",\"name\":\"Bodegas Suau Schweiz GmbH\",\"url\":\"https:\/\/www.bodegassuau.ch\/\",\"sameAs\":[\"https:\/\/www.instagram.com\/bodegas_suau_schweiz\/\",\"https:\/\/www.facebook.com\/Bodegas-Suau-Schweiz-119952873306311\"],\"logo\":{\"@type\":\"ImageObject\",\"inLanguage\":\"es\",\"@id\":\"https:\/\/www.bodegassuau.ch\/#\/schema\/logo\/image\/\",\"url\":\"https:\/\/www.bodegassuau.ch\/wp-content\/uploads\/2021\/03\/main-logo-black-1.png\",\"contentUrl\":\"https:\/\/www.bodegassuau.ch\/wp-content\/uploads\/2021\/03\/main-logo-black-1.png\",\"width\":182,\"height\":58,\"caption\":\"Bodegas Suau Schweiz GmbH\"},\"image\":{\"@id\":\"https:\/\/www.bodegassuau.ch\/#\/schema\/logo\/image\/\"}}]}<\/script>\n<!-- \/ Yoast SEO plugin. -->","yoast_head_json":{"title":"La Bodega - Bodegas Suau","robots":{"index":"index","follow":"follow","max-snippet":"max-snippet:-1","max-image-preview":"max-image-preview:large","max-video-preview":"max-video-preview:-1"},"canonical":"https:\/\/www.bodegassuau.ch\/es\/la-bodega\/","og_locale":"es_ES","og_type":"article","og_title":"La Bodega - Bodegas Suau","og_description":"Una bodega tradicional mallorquina. Somos una compa\u00f1\u00eda familiar y artesanal con mas de 170 a\u00f1os de historia y tradici\u00f3n, ubicada en un edificio hist\u00f3rico que tiene m\u00e1s de 200 a\u00f1os. La historia VER M\u00c1S Visitas VER M\u00c1S","og_url":"https:\/\/www.bodegassuau.ch\/es\/la-bodega\/","og_site_name":"Bodegas Suau","article_publisher":"https:\/\/www.facebook.com\/Bodegas-Suau-Schweiz-119952873306311","article_modified_time":"2021-05-20T08:22:48+00:00","og_image":[{"width":1400,"height":900,"url":"https:\/\/www.bodegassuau.ch\/wp-content\/uploads\/2021\/03\/labotega-suau.jpg","type":"image\/jpeg"}],"twitter_card":"summary_large_image","twitter_misc":{"Tiempo de lectura":"3 minutos"},"schema":{"@context":"https:\/\/schema.org","@graph":[{"@type":"WebPage","@id":"https:\/\/www.bodegassuau.ch\/es\/la-bodega\/","url":"https:\/\/www.bodegassuau.ch\/es\/la-bodega\/","name":"La Bodega - Bodegas Suau","isPartOf":{"@id":"https:\/\/www.bodegassuau.ch\/#website"},"datePublished":"2021-03-12T09:48:10+00:00","dateModified":"2021-05-20T08:22:48+00:00","breadcrumb":{"@id":"https:\/\/www.bodegassuau.ch\/es\/la-bodega\/#breadcrumb"},"inLanguage":"es","potentialAction":[{"@type":"ReadAction","target":["https:\/\/www.bodegassuau.ch\/es\/la-bodega\/"]}]},{"@type":"BreadcrumbList","@id":"https:\/\/www.bodegassuau.ch\/es\/la-bodega\/#breadcrumb","itemListElement":[{"@type":"ListItem","position":1,"name":"Home","item":"https:\/\/www.bodegassuau.ch\/es\/"},{"@type":"ListItem","position":2,"name":"La Bodega"}]},{"@type":"WebSite","@id":"https:\/\/www.bodegassuau.ch\/#website","url":"https:\/\/www.bodegassuau.ch\/","name":"Bodegas Suau","description":"Bodegas Suau - Licormakers Majorca","publisher":{"@id":"https:\/\/www.bodegassuau.ch\/#organization"},"potentialAction":[{"@type":"SearchAction","target":{"@type":"EntryPoint","urlTemplate":"https:\/\/www.bodegassuau.ch\/?s={search_term_string}"},"query-input":"required name=search_term_string"}],"inLanguage":"es"},{"@type":"Organization","@id":"https:\/\/www.bodegassuau.ch\/#organization","name":"Bodegas Suau Schweiz GmbH","url":"https:\/\/www.bodegassuau.ch\/","sameAs":["https:\/\/www.instagram.com\/bodegas_suau_schweiz\/","https:\/\/www.facebook.com\/Bodegas-Suau-Schweiz-119952873306311"],"logo":{"@type":"ImageObject","inLanguage":"es","@id":"https:\/\/www.bodegassuau.ch\/#\/schema\/logo\/image\/","url":"https:\/\/www.bodegassuau.ch\/wp-content\/uploads\/2021\/03\/main-logo-black-1.png","contentUrl":"https:\/\/www.bodegassuau.ch\/wp-content\/uploads\/2021\/03\/main-logo-black-1.png","width":182,"height":58,"caption":"Bodegas Suau Schweiz GmbH"},"image":{"@id":"https:\/\/www.bodegassuau.ch\/#\/schema\/logo\/image\/"}}]}},"_links":{"self":[{"href":"https:\/\/www.bodegassuau.ch\/es\/wp-json\/wp\/v2\/pages\/581"}],"collection":[{"href":"https:\/\/www.bodegassuau.ch\/es\/wp-json\/wp\/v2\/pages"}],"about":[{"href":"https:\/\/www.bodegassuau.ch\/es\/wp-json\/wp\/v2\/types\/page"}],"author":[{"embeddable":true,"href":"https:\/\/www.bodegassuau.ch\/es\/wp-json\/wp\/v2\/users\/1"}],"replies":[{"embeddable":true,"href":"https:\/\/www.bodegassuau.ch\/es\/wp-json\/wp\/v2\/comments?post=581"}],"version-history":[{"count":3,"href":"https:\/\/www.bodegassuau.ch\/es\/wp-json\/wp\/v2\/pages\/581\/revisions"}],"predecessor-version":[{"id":1960,"href":"https:\/\/www.bodegassuau.ch\/es\/wp-json\/wp\/v2\/pages\/581\/revisions\/1960"}],"wp:featuredmedia":[{"embeddable":true,"href":"https:\/\/www.bodegassuau.ch\/es\/wp-json\/wp\/v2\/media\/126"}],"wp:attachment":[{"href":"https:\/\/www.bodegassuau.ch\/es\/wp-json\/wp\/v2\/media?parent=581"}],"curies":[{"name":"wp","href":"https:\/\/api.w.org\/{rel}","templated":true}]}}