
      
       

{"id":588,"date":"2021-03-10T07:11:43","date_gmt":"2021-03-10T07:11:43","guid":{"rendered":"https:\/\/www.bodegassuau.ch\/?page_id=588"},"modified":"2021-03-15T08:13:08","modified_gmt":"2021-03-15T08:13:08","slug":"contactanos","status":"publish","type":"page","link":"https:\/\/www.bodegassuau.ch\/es\/contactanos\/","title":{"rendered":"Cont\u00e1ctanos"},"content":{"rendered":"\n<p class=\"has-text-align-center\"><div role=\"form\" class=\"wpcf7\" id=\"wpcf7-f1451-o1\" lang=\"es-ES\" dir=\"ltr\">\n<div class=\"screen-reader-response\"><p role=\"status\" aria-live=\"polite\" aria-atomic=\"true\"><\/p> <ul><\/ul><\/div>\n<form action=\"\/es\/wp-json\/wp\/v2\/pages\/588#wpcf7-f1451-o1\" method=\"post\" class=\"wpcf7-form init\" novalidate=\"novalidate\" data-status=\"init\">\n<div style=\"display: none;\">\n<input type=\"hidden\" name=\"_wpcf7\" value=\"1451\" \/>\n<input type=\"hidden\" name=\"_wpcf7_version\" value=\"5.6.4\" \/>\n<input type=\"hidden\" name=\"_wpcf7_locale\" value=\"es_ES\" \/>\n<input type=\"hidden\" name=\"_wpcf7_unit_tag\" value=\"wpcf7-f1451-o1\" \/>\n<input type=\"hidden\" name=\"_wpcf7_container_post\" value=\"0\" \/>\n<input type=\"hidden\" name=\"_wpcf7_posted_data_hash\" value=\"\" \/>\n<\/div>\n<div class=\"row\">\n<div class=\"col-xl-12 text-center\">\n<\/div>\n<\/div>\n<div class=\"row\">\n<div class=\"form-group col-12 col-md-6 forminput\">\n      <label class=\"control-label\" for=\"name\"> Nombre* <\/label><br \/>\n      <span class=\"wpcf7-form-control-wrap\" data-name=\"your-name\"><input type=\"text\" name=\"your-name\" value=\"\" size=\"40\" class=\"wpcf7-form-control wpcf7-text wpcf7-validates-as-required form-control\" aria-required=\"true\" aria-invalid=\"false\" \/><\/span>\n   <\/div>\n<div class=\"form-group col-12 col-md-6 forminput\">\n      <label class=\"control-label\" for=\"surname\"> Apellido*<\/label><br \/>\n      <span class=\"wpcf7-form-control-wrap\" data-name=\"your-lastname\"><input type=\"text\" name=\"your-lastname\" value=\"\" size=\"40\" class=\"wpcf7-form-control wpcf7-text wpcf7-validates-as-required form-control\" aria-required=\"true\" aria-invalid=\"false\" \/><\/span>\n   <\/div>\n<\/div>\n<div class=\"row\">\n<div class=\"form-group col-12 col-md-6 forminput\">\n      <label class=\"control-label\" for=\"email\"> E-Mail*<\/label><br \/>\n      <span class=\"wpcf7-form-control-wrap\" data-name=\"your-email\"><input type=\"email\" name=\"your-email\" value=\"\" size=\"40\" class=\"wpcf7-form-control wpcf7-text wpcf7-email wpcf7-validates-as-required wpcf7-validates-as-email form-control\" aria-required=\"true\" aria-invalid=\"false\" \/><\/span>\n    <\/div>\n<div class=\"form-group col-12 col-md-6 forminput\">\n      <label class=\"control-label\" for=\"number\"> Tel\u00e9fono<\/label><br \/>\n      <span class=\"wpcf7-form-control-wrap\" data-name=\"your-telephone\"><input type=\"text\" name=\"your-telephone\" value=\"\" size=\"40\" class=\"wpcf7-form-control wpcf7-text form-control\" aria-invalid=\"false\" \/><\/span>\n    <\/div>\n<\/div>\n<div class=\"row\">\n<div class=\"form-group col-12 forminput\">\n     <label class=\"control-label-message\" for=\"message\"> Mensaje*<\/label><br \/>\n     <span class=\"wpcf7-form-control-wrap\" data-name=\"your-message\"><textarea name=\"your-message\" cols=\"40\" rows=\"10\" class=\"wpcf7-form-control wpcf7-textarea wpcf7-validates-as-required form-control\" aria-required=\"true\" aria-invalid=\"false\"><\/textarea><\/span>\n   <\/div>\n<\/div>\n<div class=\"row\">\n<div class=\"form-group text-center col-12 privacy-policy-sec\">\n      <label><span class=\"wpcf7-form-control-wrap\" data-name=\"acceptance-413\"><span class=\"wpcf7-form-control wpcf7-acceptance\"><span class=\"wpcf7-list-item\"><input type=\"checkbox\" name=\"acceptance-413\" value=\"1\" aria-invalid=\"false\" \/><\/span><\/span><\/span>HE LE\u00cdDO Y ACEPTO EL <a href=\"\/en\/legal\" target=\"_blank\">AVISO LEGAL<\/a> Y <a href=\"\/en\/policies\/privacy-policy\" target=\"_blank\">POL\u00cdTICA DE PRIVACIDAD<\/a><\/label>\n   <\/div>\n<\/div>\n<div class=\"row\">\n<div class=\"form-group col-sm-12 text-center pdl0 pdr0\">\n<span class=\"wpcf7-form-control-wrap recaptcha\" data-name=\"recaptcha\"><span class=\"wpcf7-form-control g-recaptcha wpcf7-recaptcha\"><\/span><\/span>\n<\/div>\n<\/div>\n<div class=\"row\">\n<div class=\"form-group col-sm-12 text-center\">\n<div class=\"dmformsubmit\">\n          <input type=\"submit\" value=\"env\u00edar\" class=\"wpcf7-form-control has-spinner wpcf7-submit btn\" \/><\/p>\n<\/div>\n<\/div>\n<\/div>\n<\/div>\n<div class=\"wpcf7-response-output\" aria-hidden=\"true\"><\/div><\/form><\/div><\/p>\n\n\n\n<div class=\"col-12 order-2 order-md-3\">\n\t<div id=\"map\"><\/div>\n<\/div>\n\n\n\n<section id=\"address\"> <div class=\"container-fluid \">\n    <div class=\"row mt5 padding3\">\n<div class=\"col-sm-12 text-center mt2 mb2 address black_border\">\n            <h3 class=\"bigger_font\">Esperamos su visita\n            <\/h3>\n            <div>\n            <p>Estamos en Es Pont d&#8217; Inca, en un edificio catalogado que data de 1800. Cuenta con grandes y magn\u00edficas bodegas y una espectacular chimenea de 40 metros a la que se puede acceder a trav\u00e9s de un t\u00fanel de 45 metros.<\/p>\n        <\/div>\n            <address>\n                <div class=\"mt3\">\n                    <p>C\/ Cabana, 12.\n                    <\/p>\n                    <p>Es Pont d\u2019Inca, Marratx\u00ed 07141\n\n                    <\/p>\n                    <p>Mallorca, Balearic Islands\n                    <\/p>\n                    <p>Espa\u00f1a<\/p>\n                <\/div>\n                <div class=\"mt3\">\n                    <p>Tel: 971 600 802\n                    <\/p>\n                    <p>Fax: 971 795 265\n                    <\/p>\n                    <p><span>E-mail: <a href=\"mailto:bodegassuau@bodegassuau.com\"><\/a>bodegassuau@bodegassuau.com<\/span>\n                    <\/p>\n                    <p>Horas de apertura: <time>09.00 to 14.00 <\/time> de lunes a viernes<\/p>\n                <\/div>\n\n            <\/address>\n            <div class=\"social_contact mt3 mb3\" id=\"iconos_contact\">\n                <div class=\"icon social fb\"><a href=\"https:\/\/www.facebook.com\/bodegassuau\" rel=\"nofollow noopener\" target=\"_blank\" title=\"facebook Bodegas Suau\"><i class=\"fa fa-facebook\" aria-hidden=\"true\"><\/i><\/a>\n                <\/div>\n                <div class=\"icon social inst\"><a href=\"https:\/\/twitter.com\/bodegas_suau\" rel=\"nofollow noopener\" target=\"_blank\" title=\"twitter Bodegas Suau\"><i class=\"fa fa-twitter\" aria-hidden=\"true\"><\/i><\/a>\n            <\/div>\n                <div class=\"icon social inst\"><a href=\"https:\/\/www.instagram.com\/bodegas_suau\" rel=\"nofollow noopener\" target=\"_blank\" title=\"instagram Bodegas Suau\"><i class=\"fa fa-instagram\" aria-hidden=\"true\"><\/i><\/a>\n                <\/div>\n            <\/div>\n        <\/div><\/div><\/div><\/section>\n","protected":false},"excerpt":{"rendered":"<p>Esperamos su visita Estamos en Es Pont d&#8217; Inca, en un edificio catalogado que data de 1800. Cuenta con grandes y magn\u00edficas bodegas y una espectacular chimenea de 40 metros a la que se puede acceder a trav\u00e9s de un t\u00fanel de 45 metros. C\/ Cabana, 12. Es Pont d\u2019Inca, Marratx\u00ed 07141 Mallorca, Balearic Islands&hellip;<\/p>\n<p><a class=\"btn btn-primary\" href=\"https:\/\/www.bodegassuau.ch\/es\/contactanos\/\">Continue reading <i class=\"fas fa-arrow-right\"><\/i><\/a><\/p>\n","protected":false},"author":1,"featured_media":729,"parent":0,"menu_order":0,"comment_status":"closed","ping_status":"closed","template":"contact.php","meta":{"_eb_attr":""},"acf":[],"yoast_head":"<!-- This site is optimized with the Yoast SEO plugin v19.8 - https:\/\/yoast.com\/wordpress\/plugins\/seo\/ -->\n<title>Cont\u00e1ctanos - Bodegas Suau<\/title>\n<meta name=\"robots\" content=\"index, follow, max-snippet:-1, max-image-preview:large, max-video-preview:-1\" \/>\n<link rel=\"canonical\" href=\"https:\/\/www.bodegassuau.ch\/es\/contactanos\/\" \/>\n<meta property=\"og:locale\" content=\"es_ES\" \/>\n<meta property=\"og:type\" content=\"article\" \/>\n<meta property=\"og:title\" content=\"Cont\u00e1ctanos - Bodegas Suau\" \/>\n<meta property=\"og:description\" content=\"Esperamos su visita Estamos en Es Pont d&#8217; Inca, en un edificio catalogado que data de 1800. Cuenta con grandes y magn\u00edficas bodegas y una espectacular chimenea de 40 metros a la que se puede acceder a trav\u00e9s de un t\u00fanel de 45 metros. C\/ Cabana, 12. Es Pont d\u2019Inca, Marratx\u00ed 07141 Mallorca, Balearic Islands&hellip;Continue reading\" \/>\n<meta property=\"og:url\" content=\"https:\/\/www.bodegassuau.ch\/es\/contactanos\/\" \/>\n<meta property=\"og:site_name\" content=\"Bodegas Suau\" \/>\n<meta property=\"article:publisher\" content=\"https:\/\/www.facebook.com\/Bodegas-Suau-Schweiz-119952873306311\" \/>\n<meta property=\"article:modified_time\" content=\"2021-03-15T08:13:08+00:00\" \/>\n<meta property=\"og:image\" content=\"https:\/\/www.bodegassuau.ch\/wp-content\/uploads\/2021\/03\/bodegas-suau_eventoscompressed.jpg\" \/>\n\t<meta property=\"og:image:width\" content=\"1400\" \/>\n\t<meta property=\"og:image:height\" content=\"900\" \/>\n\t<meta property=\"og:image:type\" content=\"image\/jpeg\" \/>\n<meta name=\"twitter:card\" content=\"summary_large_image\" \/>\n<script type=\"application\/ld+json\" class=\"yoast-schema-graph\">{\"@context\":\"https:\/\/schema.org\",\"@graph\":[{\"@type\":\"WebPage\",\"@id\":\"https:\/\/www.bodegassuau.ch\/es\/contactanos\/\",\"url\":\"https:\/\/www.bodegassuau.ch\/es\/contactanos\/\",\"name\":\"Cont\u00e1ctanos - Bodegas Suau\",\"isPartOf\":{\"@id\":\"https:\/\/www.bodegassuau.ch\/#website\"},\"datePublished\":\"2021-03-10T07:11:43+00:00\",\"dateModified\":\"2021-03-15T08:13:08+00:00\",\"breadcrumb\":{\"@id\":\"https:\/\/www.bodegassuau.ch\/es\/contactanos\/#breadcrumb\"},\"inLanguage\":\"es\",\"potentialAction\":[{\"@type\":\"ReadAction\",\"target\":[\"https:\/\/www.bodegassuau.ch\/es\/contactanos\/\"]}]},{\"@type\":\"BreadcrumbList\",\"@id\":\"https:\/\/www.bodegassuau.ch\/es\/contactanos\/#breadcrumb\",\"itemListElement\":[{\"@type\":\"ListItem\",\"position\":1,\"name\":\"Home\",\"item\":\"https:\/\/www.bodegassuau.ch\/es\/\"},{\"@type\":\"ListItem\",\"position\":2,\"name\":\"Cont\u00e1ctanos\"}]},{\"@type\":\"WebSite\",\"@id\":\"https:\/\/www.bodegassuau.ch\/#website\",\"url\":\"https:\/\/www.bodegassuau.ch\/\",\"name\":\"Bodegas Suau\",\"description\":\"Bodegas Suau - Licormakers Majorca\",\"publisher\":{\"@id\":\"https:\/\/www.bodegassuau.ch\/#organization\"},\"potentialAction\":[{\"@type\":\"SearchAction\",\"target\":{\"@type\":\"EntryPoint\",\"urlTemplate\":\"https:\/\/www.bodegassuau.ch\/?s={search_term_string}\"},\"query-input\":\"required name=search_term_string\"}],\"inLanguage\":\"es\"},{\"@type\":\"Organization\",\"@id\":\"https:\/\/www.bodegassuau.ch\/#organization\",\"name\":\"Bodegas Suau Schweiz GmbH\",\"url\":\"https:\/\/www.bodegassuau.ch\/\",\"sameAs\":[\"https:\/\/www.instagram.com\/bodegas_suau_schweiz\/\",\"https:\/\/www.facebook.com\/Bodegas-Suau-Schweiz-119952873306311\"],\"logo\":{\"@type\":\"ImageObject\",\"inLanguage\":\"es\",\"@id\":\"https:\/\/www.bodegassuau.ch\/#\/schema\/logo\/image\/\",\"url\":\"https:\/\/www.bodegassuau.ch\/wp-content\/uploads\/2021\/03\/main-logo-black-1.png\",\"contentUrl\":\"https:\/\/www.bodegassuau.ch\/wp-content\/uploads\/2021\/03\/main-logo-black-1.png\",\"width\":182,\"height\":58,\"caption\":\"Bodegas Suau Schweiz GmbH\"},\"image\":{\"@id\":\"https:\/\/www.bodegassuau.ch\/#\/schema\/logo\/image\/\"}}]}<\/script>\n<!-- \/ Yoast SEO plugin. -->","yoast_head_json":{"title":"Cont\u00e1ctanos - Bodegas Suau","robots":{"index":"index","follow":"follow","max-snippet":"max-snippet:-1","max-image-preview":"max-image-preview:large","max-video-preview":"max-video-preview:-1"},"canonical":"https:\/\/www.bodegassuau.ch\/es\/contactanos\/","og_locale":"es_ES","og_type":"article","og_title":"Cont\u00e1ctanos - Bodegas Suau","og_description":"Esperamos su visita Estamos en Es Pont d&#8217; Inca, en un edificio catalogado que data de 1800. Cuenta con grandes y magn\u00edficas bodegas y una espectacular chimenea de 40 metros a la que se puede acceder a trav\u00e9s de un t\u00fanel de 45 metros. C\/ Cabana, 12. Es Pont d\u2019Inca, Marratx\u00ed 07141 Mallorca, Balearic Islands&hellip;Continue reading","og_url":"https:\/\/www.bodegassuau.ch\/es\/contactanos\/","og_site_name":"Bodegas Suau","article_publisher":"https:\/\/www.facebook.com\/Bodegas-Suau-Schweiz-119952873306311","article_modified_time":"2021-03-15T08:13:08+00:00","og_image":[{"width":1400,"height":900,"url":"https:\/\/www.bodegassuau.ch\/wp-content\/uploads\/2021\/03\/bodegas-suau_eventoscompressed.jpg","type":"image\/jpeg"}],"twitter_card":"summary_large_image","schema":{"@context":"https:\/\/schema.org","@graph":[{"@type":"WebPage","@id":"https:\/\/www.bodegassuau.ch\/es\/contactanos\/","url":"https:\/\/www.bodegassuau.ch\/es\/contactanos\/","name":"Cont\u00e1ctanos - Bodegas Suau","isPartOf":{"@id":"https:\/\/www.bodegassuau.ch\/#website"},"datePublished":"2021-03-10T07:11:43+00:00","dateModified":"2021-03-15T08:13:08+00:00","breadcrumb":{"@id":"https:\/\/www.bodegassuau.ch\/es\/contactanos\/#breadcrumb"},"inLanguage":"es","potentialAction":[{"@type":"ReadAction","target":["https:\/\/www.bodegassuau.ch\/es\/contactanos\/"]}]},{"@type":"BreadcrumbList","@id":"https:\/\/www.bodegassuau.ch\/es\/contactanos\/#breadcrumb","itemListElement":[{"@type":"ListItem","position":1,"name":"Home","item":"https:\/\/www.bodegassuau.ch\/es\/"},{"@type":"ListItem","position":2,"name":"Cont\u00e1ctanos"}]},{"@type":"WebSite","@id":"https:\/\/www.bodegassuau.ch\/#website","url":"https:\/\/www.bodegassuau.ch\/","name":"Bodegas Suau","description":"Bodegas Suau - Licormakers Majorca","publisher":{"@id":"https:\/\/www.bodegassuau.ch\/#organization"},"potentialAction":[{"@type":"SearchAction","target":{"@type":"EntryPoint","urlTemplate":"https:\/\/www.bodegassuau.ch\/?s={search_term_string}"},"query-input":"required name=search_term_string"}],"inLanguage":"es"},{"@type":"Organization","@id":"https:\/\/www.bodegassuau.ch\/#organization","name":"Bodegas Suau Schweiz GmbH","url":"https:\/\/www.bodegassuau.ch\/","sameAs":["https:\/\/www.instagram.com\/bodegas_suau_schweiz\/","https:\/\/www.facebook.com\/Bodegas-Suau-Schweiz-119952873306311"],"logo":{"@type":"ImageObject","inLanguage":"es","@id":"https:\/\/www.bodegassuau.ch\/#\/schema\/logo\/image\/","url":"https:\/\/www.bodegassuau.ch\/wp-content\/uploads\/2021\/03\/main-logo-black-1.png","contentUrl":"https:\/\/www.bodegassuau.ch\/wp-content\/uploads\/2021\/03\/main-logo-black-1.png","width":182,"height":58,"caption":"Bodegas Suau Schweiz GmbH"},"image":{"@id":"https:\/\/www.bodegassuau.ch\/#\/schema\/logo\/image\/"}}]}},"_links":{"self":[{"href":"https:\/\/www.bodegassuau.ch\/es\/wp-json\/wp\/v2\/pages\/588"}],"collection":[{"href":"https:\/\/www.bodegassuau.ch\/es\/wp-json\/wp\/v2\/pages"}],"about":[{"href":"https:\/\/www.bodegassuau.ch\/es\/wp-json\/wp\/v2\/types\/page"}],"author":[{"embeddable":true,"href":"https:\/\/www.bodegassuau.ch\/es\/wp-json\/wp\/v2\/users\/1"}],"replies":[{"embeddable":true,"href":"https:\/\/www.bodegassuau.ch\/es\/wp-json\/wp\/v2\/comments?post=588"}],"version-history":[{"count":0,"href":"https:\/\/www.bodegassuau.ch\/es\/wp-json\/wp\/v2\/pages\/588\/revisions"}],"wp:featuredmedia":[{"embeddable":true,"href":"https:\/\/www.bodegassuau.ch\/es\/wp-json\/wp\/v2\/media\/729"}],"wp:attachment":[{"href":"https:\/\/www.bodegassuau.ch\/es\/wp-json\/wp\/v2\/media?parent=588"}],"curies":[{"name":"wp","href":"https:\/\/api.w.org\/{rel}","templated":true}]}}