
      
       

{"id":1244,"date":"2021-03-12T07:43:42","date_gmt":"2021-03-12T07:43:42","guid":{"rendered":"https:\/\/www.bodegassuau.ch\/product\/barrica-clasica-brandy-suau-15-anos\/"},"modified":"2021-05-10T13:24:11","modified_gmt":"2021-05-10T11:24:11","slug":"barrica-clasica-brandy-suau-15-anos","status":"publish","type":"product","link":"https:\/\/www.bodegassuau.ch\/es\/producto\/barrica-clasica-brandy-suau-15-anos\/","title":{"rendered":"Barrica Cl\u00e1sica<br>Brandy Suau 15 A\u00f1os"},"content":{"rendered":"<p>IMPORTANTE : TIEMPO DE ESPERA DE 12 MESES<\/p>\n","protected":false},"excerpt":{"rendered":"<p>Barrica Cl\u00e1sica Brandy Suau 15 A\u00f1os<\/p>\n","protected":false},"featured_media":546,"comment_status":"closed","ping_status":"closed","template":"","meta":{"_eb_attr":""},"product_cat":[92],"product_tag":[],"acf":[],"yoast_head":"<!-- This site is optimized with the Yoast SEO plugin v19.8 - https:\/\/yoast.com\/wordpress\/plugins\/seo\/ -->\n<title>Barrica Cl\u00e1sicaBrandy Suau 15 A\u00f1os - Bodegas Suau<\/title>\n<meta name=\"robots\" content=\"index, follow, max-snippet:-1, max-image-preview:large, max-video-preview:-1\" \/>\n<link rel=\"canonical\" href=\"https:\/\/www.bodegassuau.ch\/es\/producto\/barrica-clasica-brandy-suau-15-anos\/\" \/>\n<meta property=\"og:locale\" content=\"es_ES\" \/>\n<meta property=\"og:type\" content=\"article\" \/>\n<meta property=\"og:title\" content=\"Barrica Cl\u00e1sicaBrandy Suau 15 A\u00f1os - Bodegas Suau\" \/>\n<meta property=\"og:description\" content=\"Barrica Cl\u00e1sica Brandy Suau 15 A\u00f1os\" \/>\n<meta property=\"og:url\" content=\"https:\/\/www.bodegassuau.ch\/es\/producto\/barrica-clasica-brandy-suau-15-anos\/\" \/>\n<meta property=\"og:site_name\" content=\"Bodegas Suau\" \/>\n<meta property=\"article:publisher\" content=\"https:\/\/www.facebook.com\/Bodegas-Suau-Schweiz-119952873306311\" \/>\n<meta property=\"article:modified_time\" content=\"2021-05-10T11:24:11+00:00\" \/>\n<meta property=\"og:image\" content=\"https:\/\/www.bodegassuau.ch\/wp-content\/uploads\/2021\/03\/barricas-brandy-shop-2.jpg\" \/>\n\t<meta property=\"og:image:width\" content=\"350\" \/>\n\t<meta property=\"og:image:height\" content=\"480\" \/>\n\t<meta property=\"og:image:type\" content=\"image\/jpeg\" \/>\n<meta name=\"twitter:card\" content=\"summary_large_image\" \/>\n<script type=\"application\/ld+json\" class=\"yoast-schema-graph\">{\"@context\":\"https:\/\/schema.org\",\"@graph\":[{\"@type\":\"WebPage\",\"@id\":\"https:\/\/www.bodegassuau.ch\/es\/producto\/barrica-clasica-brandy-suau-15-anos\/\",\"url\":\"https:\/\/www.bodegassuau.ch\/es\/producto\/barrica-clasica-brandy-suau-15-anos\/\",\"name\":\"Barrica Cl\u00e1sica Brandy Suau 15 A\u00f1os - Bodegas Suau\",\"isPartOf\":{\"@id\":\"https:\/\/www.bodegassuau.ch\/#website\"},\"datePublished\":\"2021-03-12T07:43:42+00:00\",\"dateModified\":\"2021-05-10T11:24:11+00:00\",\"breadcrumb\":{\"@id\":\"https:\/\/www.bodegassuau.ch\/es\/producto\/barrica-clasica-brandy-suau-15-anos\/#breadcrumb\"},\"inLanguage\":\"es\",\"potentialAction\":[{\"@type\":\"ReadAction\",\"target\":[\"https:\/\/www.bodegassuau.ch\/es\/producto\/barrica-clasica-brandy-suau-15-anos\/\"]}]},{\"@type\":\"BreadcrumbList\",\"@id\":\"https:\/\/www.bodegassuau.ch\/es\/producto\/barrica-clasica-brandy-suau-15-anos\/#breadcrumb\",\"itemListElement\":[{\"@type\":\"ListItem\",\"position\":1,\"name\":\"Home\",\"item\":\"https:\/\/www.bodegassuau.ch\/es\/\"},{\"@type\":\"ListItem\",\"position\":2,\"name\":\"Barrica Cl\u00e1sicaBrandy Suau 15 A\u00f1os\"}]},{\"@type\":\"WebSite\",\"@id\":\"https:\/\/www.bodegassuau.ch\/#website\",\"url\":\"https:\/\/www.bodegassuau.ch\/\",\"name\":\"Bodegas Suau\",\"description\":\"Bodegas Suau - Licormakers Majorca\",\"publisher\":{\"@id\":\"https:\/\/www.bodegassuau.ch\/#organization\"},\"potentialAction\":[{\"@type\":\"SearchAction\",\"target\":{\"@type\":\"EntryPoint\",\"urlTemplate\":\"https:\/\/www.bodegassuau.ch\/?s={search_term_string}\"},\"query-input\":\"required name=search_term_string\"}],\"inLanguage\":\"es\"},{\"@type\":\"Organization\",\"@id\":\"https:\/\/www.bodegassuau.ch\/#organization\",\"name\":\"Bodegas Suau Schweiz GmbH\",\"url\":\"https:\/\/www.bodegassuau.ch\/\",\"sameAs\":[\"https:\/\/www.instagram.com\/bodegas_suau_schweiz\/\",\"https:\/\/www.facebook.com\/Bodegas-Suau-Schweiz-119952873306311\"],\"logo\":{\"@type\":\"ImageObject\",\"inLanguage\":\"es\",\"@id\":\"https:\/\/www.bodegassuau.ch\/#\/schema\/logo\/image\/\",\"url\":\"https:\/\/www.bodegassuau.ch\/wp-content\/uploads\/2021\/03\/main-logo-black-1.png\",\"contentUrl\":\"https:\/\/www.bodegassuau.ch\/wp-content\/uploads\/2021\/03\/main-logo-black-1.png\",\"width\":182,\"height\":58,\"caption\":\"Bodegas Suau Schweiz GmbH\"},\"image\":{\"@id\":\"https:\/\/www.bodegassuau.ch\/#\/schema\/logo\/image\/\"}}]}<\/script>\n<!-- \/ Yoast SEO plugin. -->","yoast_head_json":{"title":"Barrica Cl\u00e1sicaBrandy Suau 15 A\u00f1os - Bodegas Suau","robots":{"index":"index","follow":"follow","max-snippet":"max-snippet:-1","max-image-preview":"max-image-preview:large","max-video-preview":"max-video-preview:-1"},"canonical":"https:\/\/www.bodegassuau.ch\/es\/producto\/barrica-clasica-brandy-suau-15-anos\/","og_locale":"es_ES","og_type":"article","og_title":"Barrica Cl\u00e1sicaBrandy Suau 15 A\u00f1os - Bodegas Suau","og_description":"Barrica Cl\u00e1sica Brandy Suau 15 A\u00f1os","og_url":"https:\/\/www.bodegassuau.ch\/es\/producto\/barrica-clasica-brandy-suau-15-anos\/","og_site_name":"Bodegas Suau","article_publisher":"https:\/\/www.facebook.com\/Bodegas-Suau-Schweiz-119952873306311","article_modified_time":"2021-05-10T11:24:11+00:00","og_image":[{"width":350,"height":480,"url":"https:\/\/www.bodegassuau.ch\/wp-content\/uploads\/2021\/03\/barricas-brandy-shop-2.jpg","type":"image\/jpeg"}],"twitter_card":"summary_large_image","schema":{"@context":"https:\/\/schema.org","@graph":[{"@type":"WebPage","@id":"https:\/\/www.bodegassuau.ch\/es\/producto\/barrica-clasica-brandy-suau-15-anos\/","url":"https:\/\/www.bodegassuau.ch\/es\/producto\/barrica-clasica-brandy-suau-15-anos\/","name":"Barrica Cl\u00e1sica Brandy Suau 15 A\u00f1os - Bodegas Suau","isPartOf":{"@id":"https:\/\/www.bodegassuau.ch\/#website"},"datePublished":"2021-03-12T07:43:42+00:00","dateModified":"2021-05-10T11:24:11+00:00","breadcrumb":{"@id":"https:\/\/www.bodegassuau.ch\/es\/producto\/barrica-clasica-brandy-suau-15-anos\/#breadcrumb"},"inLanguage":"es","potentialAction":[{"@type":"ReadAction","target":["https:\/\/www.bodegassuau.ch\/es\/producto\/barrica-clasica-brandy-suau-15-anos\/"]}]},{"@type":"BreadcrumbList","@id":"https:\/\/www.bodegassuau.ch\/es\/producto\/barrica-clasica-brandy-suau-15-anos\/#breadcrumb","itemListElement":[{"@type":"ListItem","position":1,"name":"Home","item":"https:\/\/www.bodegassuau.ch\/es\/"},{"@type":"ListItem","position":2,"name":"Barrica Cl\u00e1sicaBrandy Suau 15 A\u00f1os"}]},{"@type":"WebSite","@id":"https:\/\/www.bodegassuau.ch\/#website","url":"https:\/\/www.bodegassuau.ch\/","name":"Bodegas Suau","description":"Bodegas Suau - Licormakers Majorca","publisher":{"@id":"https:\/\/www.bodegassuau.ch\/#organization"},"potentialAction":[{"@type":"SearchAction","target":{"@type":"EntryPoint","urlTemplate":"https:\/\/www.bodegassuau.ch\/?s={search_term_string}"},"query-input":"required name=search_term_string"}],"inLanguage":"es"},{"@type":"Organization","@id":"https:\/\/www.bodegassuau.ch\/#organization","name":"Bodegas Suau Schweiz GmbH","url":"https:\/\/www.bodegassuau.ch\/","sameAs":["https:\/\/www.instagram.com\/bodegas_suau_schweiz\/","https:\/\/www.facebook.com\/Bodegas-Suau-Schweiz-119952873306311"],"logo":{"@type":"ImageObject","inLanguage":"es","@id":"https:\/\/www.bodegassuau.ch\/#\/schema\/logo\/image\/","url":"https:\/\/www.bodegassuau.ch\/wp-content\/uploads\/2021\/03\/main-logo-black-1.png","contentUrl":"https:\/\/www.bodegassuau.ch\/wp-content\/uploads\/2021\/03\/main-logo-black-1.png","width":182,"height":58,"caption":"Bodegas Suau Schweiz GmbH"},"image":{"@id":"https:\/\/www.bodegassuau.ch\/#\/schema\/logo\/image\/"}}]}},"_links":{"self":[{"href":"https:\/\/www.bodegassuau.ch\/es\/wp-json\/wp\/v2\/product\/1244"}],"collection":[{"href":"https:\/\/www.bodegassuau.ch\/es\/wp-json\/wp\/v2\/product"}],"about":[{"href":"https:\/\/www.bodegassuau.ch\/es\/wp-json\/wp\/v2\/types\/product"}],"replies":[{"embeddable":true,"href":"https:\/\/www.bodegassuau.ch\/es\/wp-json\/wp\/v2\/comments?post=1244"}],"wp:featuredmedia":[{"embeddable":true,"href":"https:\/\/www.bodegassuau.ch\/es\/wp-json\/wp\/v2\/media\/546"}],"wp:attachment":[{"href":"https:\/\/www.bodegassuau.ch\/es\/wp-json\/wp\/v2\/media?parent=1244"}],"wp:term":[{"taxonomy":"product_cat","embeddable":true,"href":"https:\/\/www.bodegassuau.ch\/es\/wp-json\/wp\/v2\/product_cat?post=1244"},{"taxonomy":"product_tag","embeddable":true,"href":"https:\/\/www.bodegassuau.ch\/es\/wp-json\/wp\/v2\/product_tag?post=1244"}],"curies":[{"name":"wp","href":"https:\/\/api.w.org\/{rel}","templated":true}]}}